{"id":257,"date":"2023-11-11T12:22:02","date_gmt":"2023-11-11T12:22:02","guid":{"rendered":"http:\/\/compunegocios.com.pe\/index.php\/product\/laptop-hp-250-g9-core-i5-1235u-8gb-ddr4-3200mhz-512gb-ssd-15-6-hd-freedos-7c6f0la\/"},"modified":"2025-08-19T17:03:34","modified_gmt":"2025-08-19T17:03:34","slug":"laptop-hp-250-g9-core-i5-1235u-8gb-ddr4-3200mhz-512gb-ssd-15-6-hd-freedos-7c6f0la","status":"publish","type":"product","link":"https:\/\/tmp.compunegocios.com.pe\/index.php\/product\/laptop-hp-250-g9-core-i5-1235u-8gb-ddr4-3200mhz-512gb-ssd-15-6-hd-freedos-7c6f0la\/","title":{"rendered":"LAPTOP HP 250 G9 Core i5-1235U  8GB DDR4-3200MHz 512GB SSD 15.6&#8243; HD FREEDOS (PN: 7C6F0LA#ABM)"},"content":{"rendered":"<p>LAPTOP HP 250 G9 Core i5-1235U  8GB DDR4-3200MHz 512GB SSD 15.6&#8243; HD FREEDOS (PN: 7C6F0LA#ABM)<\/p>\n<p>512GB SSD PCIe NVMe, Video Integrado Intel Iris Xe Graphics, Audio HD \/ Altavoces est\u00e9reo doble \/ micr\u00f3fonos de doble arreglo, LAN (RJ-45), Wireless Realtek RTL8822CE 802.11a\/b\/g\/n\/ac (2&#215;2) Wi-Fi y Bluetooth 5, Camara Web HD 720p, Teclado de tama\u00f1o completo con teclado num\u00e9rico, Bateria de Iones de litio de 3 celdas y 41 Wh de larga duraci\u00f3n HP, Dimensiones: (Ancho x Profundidad x Altura): 35.80 cm x 24.20 cm x 1.99 cm \/ Peso: 1.74 kg.<br \/>\nNo incluye Sistema Operativo \/ FreeDos .<\/p>\n","protected":false},"excerpt":{"rendered":"<p>&#8211;<\/p>\n","protected":false},"featured_media":499,"template":"","meta":[],"pwb-brand":[340,338],"product_brand":[],"product_cat":[21],"product_tag":[],"class_list":{"0":"post-257","1":"product","2":"type-product","3":"status-publish","4":"has-post-thumbnail","6":"pwb-brand-hp","7":"pwb-brand-intel","8":"product_cat-21","10":"first","11":"instock","12":"taxable","13":"shipping-taxable","14":"purchasable","15":"product-type-simple"},"brands":[{"id":340,"name":"HP","slug":"hp"},{"id":338,"name":"Intel","slug":"intel"}],"_links":{"self":[{"href":"https:\/\/tmp.compunegocios.com.pe\/index.php\/wp-json\/wp\/v2\/product\/257","targetHints":{"allow":["GET"]}}],"collection":[{"href":"https:\/\/tmp.compunegocios.com.pe\/index.php\/wp-json\/wp\/v2\/product"}],"about":[{"href":"https:\/\/tmp.compunegocios.com.pe\/index.php\/wp-json\/wp\/v2\/types\/product"}],"wp:featuredmedia":[{"embeddable":true,"href":"https:\/\/tmp.compunegocios.com.pe\/index.php\/wp-json\/wp\/v2\/media\/499"}],"wp:attachment":[{"href":"https:\/\/tmp.compunegocios.com.pe\/index.php\/wp-json\/wp\/v2\/media?parent=257"}],"wp:term":[{"taxonomy":"pwb-brand","embeddable":true,"href":"https:\/\/tmp.compunegocios.com.pe\/index.php\/wp-json\/wp\/v2\/pwb-brand?post=257"},{"taxonomy":"product_brand","embeddable":true,"href":"https:\/\/tmp.compunegocios.com.pe\/index.php\/wp-json\/wp\/v2\/product_brand?post=257"},{"taxonomy":"product_cat","embeddable":true,"href":"https:\/\/tmp.compunegocios.com.pe\/index.php\/wp-json\/wp\/v2\/product_cat?post=257"},{"taxonomy":"product_tag","embeddable":true,"href":"https:\/\/tmp.compunegocios.com.pe\/index.php\/wp-json\/wp\/v2\/product_tag?post=257"}],"curies":[{"name":"wp","href":"https:\/\/api.w.org\/{rel}","templated":true}]}}