{"id":274,"date":"2023-11-11T12:22:32","date_gmt":"2023-11-11T12:22:32","guid":{"rendered":"http:\/\/compunegocios.com.pe\/index.php\/product\/laptop-hp-15-dw3505la-core-i3-1115g4-memoria-ram-8gb-ssd-256gb-15-6-hd-freedos\/"},"modified":"2025-08-19T17:03:52","modified_gmt":"2025-08-19T17:03:52","slug":"laptop-hp-15-dw3505la-core-i3-1115g4-memoria-ram-8gb-ssd-256gb-15-6-hd-freedos","status":"publish","type":"product","link":"https:\/\/tmp.compunegocios.com.pe\/index.php\/product\/laptop-hp-15-dw3505la-core-i3-1115g4-memoria-ram-8gb-ssd-256gb-15-6-hd-freedos\/","title":{"rendered":"LAPTOP HP 15-DW3505LA CORE I3-1115G4 MEMORIA RAM 8GB SSD 256GB 15.6&#8243; HD FREEDOS (PN: 767U1LA#ABM)"},"content":{"rendered":"<p>LAPTOP HP 15-DW3505LA CORE I3-1115G4 MEMORIA RAM 8GB SSD 256GB  FREEDOS (PN: 767U1LA#ABM)<\/p>\n<p>Intel\u00ae Core\u2122 i3-1115G4 (hasta 4,1 GHz con tecnolog\u00eda Intel\u00ae Turbo Boost, 6 MB de cach\u00e9 L3, 2 n\u00facleos y 4 subprocesos) 1 2<br \/>\nIntegrada, Gr\u00e1ficos Intel\u00ae UHD<br \/>\n8 GB de RAM DDR4-3200 MHz (1 x 8 GB)<br \/>\nUnidad de estado s\u00f3lido de 256 GB PCIe\u00ae NVMe\u2122 M.2<br \/>\nPantalla HD (1366 x 768), de 15,6&#8243; (39,6 cm) en diagonal, BrightView, con microbordes, 250 nits y 45 % de NTSC 3<br \/>\nTipo de bater\u00eda Iones de litio de 3 celdas y 41 Wh ( 5)<br \/>\nTiempo de recarga de la bater\u00eda<br \/>\nInal\u00e1mbrico<br \/>\nCombinaci\u00f3n de Realtek Wi-Fi\u00ae RTL8821CE-M 802.11a\/b\/g\/n\/ac (1&#215;1) y tarjeta inal\u00e1mbrica<br \/>\nBluetooth\u00ae 4.2 (Compatible con MU-MIMO; Modo de espera moderno (conectado))<br \/>\nInterfaz de red LAN 10\/100\/1000 GbE integrada<br \/>\nC\u00e1mara Web  HD HP TrueVision de 720p con micr\u00f3fonos digitales integrados de doble matriz<br \/>\nPuertos<br \/>\n1 USB SuperSpeed Type-C\u00ae de 5 Gbps Velocidad de se\u00f1alizaci\u00f3n; 2 USB SuperSpeed Type-A de 5 Gbps Velocidad de se\u00f1alizaci\u00f3n; 1 HDMI 1.4b; 1 RJ-45; 1 pin de CA inteligente; 1 combinaci\u00f3n de auriculares y micr\u00f3fono<\/p>\n","protected":false},"excerpt":{"rendered":"<p>&#8211;<\/p>\n","protected":false},"featured_media":428,"template":"","meta":[],"pwb-brand":[340,338],"product_brand":[],"product_cat":[20],"product_tag":[],"class_list":{"0":"post-274","1":"product","2":"type-product","3":"status-publish","4":"has-post-thumbnail","6":"pwb-brand-hp","7":"pwb-brand-intel","8":"product_cat-20","10":"first","11":"outofstock","12":"taxable","13":"shipping-taxable","14":"purchasable","15":"product-type-simple"},"brands":[{"id":340,"name":"HP","slug":"hp"},{"id":338,"name":"Intel","slug":"intel"}],"_links":{"self":[{"href":"https:\/\/tmp.compunegocios.com.pe\/index.php\/wp-json\/wp\/v2\/product\/274","targetHints":{"allow":["GET"]}}],"collection":[{"href":"https:\/\/tmp.compunegocios.com.pe\/index.php\/wp-json\/wp\/v2\/product"}],"about":[{"href":"https:\/\/tmp.compunegocios.com.pe\/index.php\/wp-json\/wp\/v2\/types\/product"}],"wp:featuredmedia":[{"embeddable":true,"href":"https:\/\/tmp.compunegocios.com.pe\/index.php\/wp-json\/wp\/v2\/media\/428"}],"wp:attachment":[{"href":"https:\/\/tmp.compunegocios.com.pe\/index.php\/wp-json\/wp\/v2\/media?parent=274"}],"wp:term":[{"taxonomy":"pwb-brand","embeddable":true,"href":"https:\/\/tmp.compunegocios.com.pe\/index.php\/wp-json\/wp\/v2\/pwb-brand?post=274"},{"taxonomy":"product_brand","embeddable":true,"href":"https:\/\/tmp.compunegocios.com.pe\/index.php\/wp-json\/wp\/v2\/product_brand?post=274"},{"taxonomy":"product_cat","embeddable":true,"href":"https:\/\/tmp.compunegocios.com.pe\/index.php\/wp-json\/wp\/v2\/product_cat?post=274"},{"taxonomy":"product_tag","embeddable":true,"href":"https:\/\/tmp.compunegocios.com.pe\/index.php\/wp-json\/wp\/v2\/product_tag?post=274"}],"curies":[{"name":"wp","href":"https:\/\/api.w.org\/{rel}","templated":true}]}}