{"id":30,"date":"2023-11-11T12:14:48","date_gmt":"2023-11-11T12:14:48","guid":{"rendered":"http:\/\/compunegocios.com.pe\/index.php\/product\/impresora-brother-t720-multifuncional-tinta\/"},"modified":"2025-09-12T17:05:30","modified_gmt":"2025-09-12T17:05:30","slug":"impresora-brother-t720-multifuncional-tinta","status":"publish","type":"product","link":"https:\/\/tmp.compunegocios.com.pe\/index.php\/product\/impresora-brother-t720-multifuncional-tinta\/","title":{"rendered":"IMPRESORA BROTHER DCP-T720DW MULTIFUNCIONAL TINTA"},"content":{"rendered":"<p>IMPRESORA BROTHER DCP-T720DW MULTIFUNCIONAL TINTA<\/p>\n<p>Multifuncional de inyecci\u00f3n de tinta a color DCP-T720DW InkBenefit Tank con conectividad inal\u00e1mbrica e impresi\u00f3n d\u00faplex<br \/>\nEconom\u00eda, productividad y velocidades de impresi\u00f3n r\u00e1pidas<br \/>\nImpresi\u00f3n d\u00faplex autom\u00e1tica y alimentador autom\u00e1tico de hasta 20 hojas<br \/>\nConectividad inal\u00e1mbrica e impresi\u00f3n y escaneado m\u00f3vil\u2021<\/p>\n","protected":false},"excerpt":{"rendered":"<p>&#8211;<\/p>\n","protected":false},"featured_media":1311,"template":"","meta":[],"pwb-brand":[],"product_brand":[],"product_cat":[205],"product_tag":[],"class_list":{"0":"post-30","1":"product","2":"type-product","3":"status-publish","4":"has-post-thumbnail","6":"product_cat-205","8":"first","9":"instock","10":"taxable","11":"shipping-taxable","12":"purchasable","13":"product-type-simple"},"brands":[],"_links":{"self":[{"href":"https:\/\/tmp.compunegocios.com.pe\/index.php\/wp-json\/wp\/v2\/product\/30","targetHints":{"allow":["GET"]}}],"collection":[{"href":"https:\/\/tmp.compunegocios.com.pe\/index.php\/wp-json\/wp\/v2\/product"}],"about":[{"href":"https:\/\/tmp.compunegocios.com.pe\/index.php\/wp-json\/wp\/v2\/types\/product"}],"wp:featuredmedia":[{"embeddable":true,"href":"https:\/\/tmp.compunegocios.com.pe\/index.php\/wp-json\/wp\/v2\/media\/1311"}],"wp:attachment":[{"href":"https:\/\/tmp.compunegocios.com.pe\/index.php\/wp-json\/wp\/v2\/media?parent=30"}],"wp:term":[{"taxonomy":"pwb-brand","embeddable":true,"href":"https:\/\/tmp.compunegocios.com.pe\/index.php\/wp-json\/wp\/v2\/pwb-brand?post=30"},{"taxonomy":"product_brand","embeddable":true,"href":"https:\/\/tmp.compunegocios.com.pe\/index.php\/wp-json\/wp\/v2\/product_brand?post=30"},{"taxonomy":"product_cat","embeddable":true,"href":"https:\/\/tmp.compunegocios.com.pe\/index.php\/wp-json\/wp\/v2\/product_cat?post=30"},{"taxonomy":"product_tag","embeddable":true,"href":"https:\/\/tmp.compunegocios.com.pe\/index.php\/wp-json\/wp\/v2\/product_tag?post=30"}],"curies":[{"name":"wp","href":"https:\/\/api.w.org\/{rel}","templated":true}]}}