{"id":31,"date":"2023-11-11T12:14:50","date_gmt":"2023-11-11T12:14:50","guid":{"rendered":"http:\/\/compunegocios.com.pe\/index.php\/product\/laptop-hp-pavilion-15-eg0501la-intel-core-i5-1135g7-8gb-ram-ssd-512gb-15-6-windows-11\/"},"modified":"2025-08-29T23:37:59","modified_gmt":"2025-08-29T23:37:59","slug":"laptop-hp-pavilion-15-eg0501la-intel-core-i5-1135g7-8gb-ram-ssd-512gb-15-6-windows-11","status":"publish","type":"product","link":"https:\/\/tmp.compunegocios.com.pe\/index.php\/product\/laptop-hp-pavilion-15-eg0501la-intel-core-i5-1135g7-8gb-ram-ssd-512gb-15-6-windows-11\/","title":{"rendered":"LAPTOP HP PAVILION  15-EG0501LA INTEL CORE I5 1135G7 8GB RAM SSD 512GB 15.6&#8243; WINDOWS 11 (P\/N:6R3R7LA#ABM)"},"content":{"rendered":"<p>Marca\tHP<br \/>\nModelo\t15-eg0501la<br \/>\nTama\u00f1o de Pantalla\t15.6&#8243; FHD 1920&#215;1080 px<br \/>\nProcesador\tIntel Core i5-1135G7<br \/>\nVelocidad del procesador\thasta 4,2 GHz con tecnolog\u00eda Intel Turbo Boost, 8 MB de cach\u00e9 L3 y 4 n\u00facleos<br \/>\nMemoria RAM\t8 GB DDR4 3200 MHz<br \/>\nAlmacenamiento\t512 GB SSD M.2 PCIe NVMe<br \/>\nSistema Operativo\tWindows 11 Home<br \/>\nPuerto HDMI\t1<br \/>\nEntradas USB tipo C\t1<br \/>\nDisplay Port\t1 USB Type-C con SuperSpeed de 10 Gbps Velocidad de se\u00f1alizaci\u00f3n (suministro de energ\u00eda mediante puerto USB, DisplayPort\u2122 1.4, HP Sleep and Charge); 2 USB Type-A con SuperSpeed de 5 Gbps Velocidad de se\u00f1alizaci\u00f3n; 1 HDMI 2.0; 1 Conector inteligente CA<br \/>\nEntrada de audio\tSi<br \/>\nWifi integrado\tS\u00ed<br \/>\nBluetooth\t5.2<br \/>\nWebcam\tC\u00e1mara HD HP Wide Vision de 720p<br \/>\nMicr\u00f3fono integrado\tS\u00ed<br \/>\nCantidad de parlantes\t2<br \/>\nLector de huella digital\tS\u00ed<br \/>\nTeclado num\u00e9rico\tS\u00ed<br \/>\nTipo de teclado\tEspa\u00f1ol<\/p>\n","protected":false},"excerpt":{"rendered":"<p>&#8211;<\/p>\n","protected":false},"featured_media":1307,"template":"","meta":[],"pwb-brand":[340,338],"product_brand":[],"product_cat":[21],"product_tag":[],"class_list":{"0":"post-31","1":"product","2":"type-product","3":"status-publish","4":"has-post-thumbnail","6":"pwb-brand-hp","7":"pwb-brand-intel","8":"product_cat-21","10":"first","11":"outofstock","12":"taxable","13":"shipping-taxable","14":"purchasable","15":"product-type-simple"},"brands":[{"id":340,"name":"HP","slug":"hp"},{"id":338,"name":"Intel","slug":"intel"}],"_links":{"self":[{"href":"https:\/\/tmp.compunegocios.com.pe\/index.php\/wp-json\/wp\/v2\/product\/31","targetHints":{"allow":["GET"]}}],"collection":[{"href":"https:\/\/tmp.compunegocios.com.pe\/index.php\/wp-json\/wp\/v2\/product"}],"about":[{"href":"https:\/\/tmp.compunegocios.com.pe\/index.php\/wp-json\/wp\/v2\/types\/product"}],"wp:featuredmedia":[{"embeddable":true,"href":"https:\/\/tmp.compunegocios.com.pe\/index.php\/wp-json\/wp\/v2\/media\/1307"}],"wp:attachment":[{"href":"https:\/\/tmp.compunegocios.com.pe\/index.php\/wp-json\/wp\/v2\/media?parent=31"}],"wp:term":[{"taxonomy":"pwb-brand","embeddable":true,"href":"https:\/\/tmp.compunegocios.com.pe\/index.php\/wp-json\/wp\/v2\/pwb-brand?post=31"},{"taxonomy":"product_brand","embeddable":true,"href":"https:\/\/tmp.compunegocios.com.pe\/index.php\/wp-json\/wp\/v2\/product_brand?post=31"},{"taxonomy":"product_cat","embeddable":true,"href":"https:\/\/tmp.compunegocios.com.pe\/index.php\/wp-json\/wp\/v2\/product_cat?post=31"},{"taxonomy":"product_tag","embeddable":true,"href":"https:\/\/tmp.compunegocios.com.pe\/index.php\/wp-json\/wp\/v2\/product_tag?post=31"}],"curies":[{"name":"wp","href":"https:\/\/api.w.org\/{rel}","templated":true}]}}