{"id":31150,"date":"2025-08-07T17:47:45","date_gmt":"2025-08-07T17:47:45","guid":{"rendered":"https:\/\/compunegocios.com.pe\/index.php\/product\/camara-de-seguridad-tp-link-tapo-c420-wifi-2k-con-bateria\/"},"modified":"2025-08-19T16:39:40","modified_gmt":"2025-08-19T16:39:40","slug":"camara-de-seguridad-tp-link-tapo-c420-wifi-2k-con-bateria","status":"publish","type":"product","link":"https:\/\/tmp.compunegocios.com.pe\/index.php\/product\/camara-de-seguridad-tp-link-tapo-c420-wifi-2k-con-bateria\/","title":{"rendered":"CAMARA DE SEGURIDAD TP-LINK TAPO C420  WIFI 2K con bater\u00eda"},"content":{"rendered":"<p>CAMARA DE SEGURIDAD TP-LINK TAPO C420  WIFI 2K<br \/>\nC\u00c1MARA<br \/>\nSensor de Imagen\t1\/3\u201c<br \/>\nPrimavera\tF\/NO: 1,61 \u00b1 10 %; distancia focal: 3,18 mm \u00b1 5 %<br \/>\nVisi\u00f3n nocturna\tLED IR de 850 nm hasta 49 pies\/15 m<br \/>\n\u00c1ngulo de visi\u00f3n\t113\u00b0<br \/>\nResoluci\u00f3n\t2K QHD (2560 \u00d7 1440 p\u00edxeles)<br \/>\nAUDIO<br \/>\nComunicaci\u00f3n de audio\tAudio bidireccional<br \/>\nEntrada y salida de audio\tMicr\u00f3fono y altavoz incorporados.<br \/>\nRED<br \/>\nProtocolo\tProtocolo de Internet (TCP\/IP), Protocolo de Internet (ICMP), Protocolo de Internet (DNS), Protocolo HTTPS, Protocolo TCP\/IP<br \/>\nSeguridad inal\u00e1mbrica\tWPA\/WPA2-PSK<br \/>\nProtocolo wifi\tIEEE 802.11b\/g\/n, 2,4 GHz<br \/>\nFrecuencia\t2,4 GHz<br \/>\nNOTIFICACIONES DE ACTIVIDAD<br \/>\nDisparador de entrada\tDetecci\u00f3n de movimiento,<br \/>\nDetecci\u00f3n de personas, Detecci\u00f3n de mascotas, Detecci\u00f3n de veh\u00edculos.<br \/>\nNotificaci\u00f3n de salida\tNotificaci\u00f3n, Instant\u00e1nea (Tapo care), Clips (Tapo<br \/>\ncare).<br \/>\nAMBIENTE<br \/>\nTemperatura en Funcionamiento\t-20\u2103~45\u2103(-4\u00b0F~113 \u00b0F)<br \/>\nTemperatura en Almacenamiento\t-20 \u2103 ~ 60 \u2103 (-4 \u00b0F ~ 140 \u00b0F)<br \/>\nHumedad en Funcionamiento\t10%~90% HR, sin condensaci\u00f3n<br \/>\nHumedad en Almacenamiento\t5%~90%RH, sin condensaci\u00f3n<br \/>\nCONTENIDOS DEL PAQUETE<br \/>\nContenido del paquete\tC\u00e1maras Tapo C420 (bater\u00eda incluida)<br \/>\nAdaptador USB<br \/>\nCable adaptador USB<br \/>\nTornillos de montaje Plantillas<br \/>\nde montaje<br \/>\nSoportes para c\u00e1mara<br \/>\nGu\u00eda de inicio r\u00e1pido<\/p>\n","protected":false},"excerpt":{"rendered":"<p>&#8211;<\/p>\n","protected":false},"featured_media":0,"template":"","meta":[],"pwb-brand":[],"product_brand":[],"product_cat":[235],"product_tag":[],"class_list":{"0":"post-31150","1":"product","2":"type-product","3":"status-publish","5":"product_cat-235","7":"first","8":"instock","9":"taxable","10":"shipping-taxable","11":"purchasable","12":"product-type-simple"},"brands":[],"_links":{"self":[{"href":"https:\/\/tmp.compunegocios.com.pe\/index.php\/wp-json\/wp\/v2\/product\/31150","targetHints":{"allow":["GET"]}}],"collection":[{"href":"https:\/\/tmp.compunegocios.com.pe\/index.php\/wp-json\/wp\/v2\/product"}],"about":[{"href":"https:\/\/tmp.compunegocios.com.pe\/index.php\/wp-json\/wp\/v2\/types\/product"}],"wp:attachment":[{"href":"https:\/\/tmp.compunegocios.com.pe\/index.php\/wp-json\/wp\/v2\/media?parent=31150"}],"wp:term":[{"taxonomy":"pwb-brand","embeddable":true,"href":"https:\/\/tmp.compunegocios.com.pe\/index.php\/wp-json\/wp\/v2\/pwb-brand?post=31150"},{"taxonomy":"product_brand","embeddable":true,"href":"https:\/\/tmp.compunegocios.com.pe\/index.php\/wp-json\/wp\/v2\/product_brand?post=31150"},{"taxonomy":"product_cat","embeddable":true,"href":"https:\/\/tmp.compunegocios.com.pe\/index.php\/wp-json\/wp\/v2\/product_cat?post=31150"},{"taxonomy":"product_tag","embeddable":true,"href":"https:\/\/tmp.compunegocios.com.pe\/index.php\/wp-json\/wp\/v2\/product_tag?post=31150"}],"curies":[{"name":"wp","href":"https:\/\/api.w.org\/{rel}","templated":true}]}}