{"id":31161,"date":"2025-08-09T01:39:48","date_gmt":"2025-08-09T01:39:48","guid":{"rendered":"https:\/\/compunegocios.com.pe\/index.php\/product\/lapiz-p-tablet-targus-magnetico-anti-rayas-stylus-6pulg-black-amm168glx\/"},"modified":"2025-08-19T16:39:48","modified_gmt":"2025-08-19T16:39:48","slug":"lapiz-p-tablet-targus-magnetico-anti-rayas-stylus-6pulg-black-amm168glx","status":"publish","type":"product","link":"https:\/\/tmp.compunegocios.com.pe\/index.php\/product\/lapiz-p-tablet-targus-magnetico-anti-rayas-stylus-6pulg-black-amm168glx\/","title":{"rendered":"LAPIZ P\/TABLET TARGUS MAGNETICO ANTI-RAYAS STYLUS 6PULG BLACK (AMM168GLX)"},"content":{"rendered":"<p>LAPIZ P\/TABLET TARGUS MAGNETICO ANTI-RAYAS STYLUS 6PULG BLACK (AMM168GLX)<br \/>\nMARCA\tTARGUS<br \/>\nMODELO\tMAGNETIC STYLUS 6&#8243;<br \/>\nN\u00daMERO DE PARTE\tAMM168GLX<br \/>\nCARACTER\u00cdSTICAS<br \/>\nCon una selecci\u00f3n precisa del toque y un desplazamiento suave, es el accesorio perfecto para realizar su trabajo.<br \/>\nSe conecta magn\u00e9ticamente a la mayor\u00eda de las tabletas y otros dispositivos capacitivos de pantalla t\u00e1ctil.<br \/>\nDISE\u00d1O\tPunta de goma suave y sensible para un f\u00e1cil control y navegaci\u00f3n.<br \/>\nAyuda a mantener la pantalla limpia de manchas y huellas digitales<br \/>\nFUNCIONA CON\tDispositivos m\u00f3viles (tel\u00e9fonos inteligentes y tabletas).<br \/>\nDIMENSIONES\t.28 \u00abx 5.83&#8243; x 0.28 \u00bb<br \/>\nPESO\t0.04 libras<br \/>\nCOLOR\tNegro<\/p>\n","protected":false},"excerpt":{"rendered":"<p>&#8211;<\/p>\n","protected":false},"featured_media":0,"template":"","meta":[],"pwb-brand":[],"product_brand":[],"product_cat":[38],"product_tag":[],"class_list":{"0":"post-31161","1":"product","2":"type-product","3":"status-publish","5":"product_cat-38","7":"first","8":"instock","9":"taxable","10":"shipping-taxable","11":"purchasable","12":"product-type-simple"},"brands":[],"_links":{"self":[{"href":"https:\/\/tmp.compunegocios.com.pe\/index.php\/wp-json\/wp\/v2\/product\/31161","targetHints":{"allow":["GET"]}}],"collection":[{"href":"https:\/\/tmp.compunegocios.com.pe\/index.php\/wp-json\/wp\/v2\/product"}],"about":[{"href":"https:\/\/tmp.compunegocios.com.pe\/index.php\/wp-json\/wp\/v2\/types\/product"}],"wp:attachment":[{"href":"https:\/\/tmp.compunegocios.com.pe\/index.php\/wp-json\/wp\/v2\/media?parent=31161"}],"wp:term":[{"taxonomy":"pwb-brand","embeddable":true,"href":"https:\/\/tmp.compunegocios.com.pe\/index.php\/wp-json\/wp\/v2\/pwb-brand?post=31161"},{"taxonomy":"product_brand","embeddable":true,"href":"https:\/\/tmp.compunegocios.com.pe\/index.php\/wp-json\/wp\/v2\/product_brand?post=31161"},{"taxonomy":"product_cat","embeddable":true,"href":"https:\/\/tmp.compunegocios.com.pe\/index.php\/wp-json\/wp\/v2\/product_cat?post=31161"},{"taxonomy":"product_tag","embeddable":true,"href":"https:\/\/tmp.compunegocios.com.pe\/index.php\/wp-json\/wp\/v2\/product_tag?post=31161"}],"curies":[{"name":"wp","href":"https:\/\/api.w.org\/{rel}","templated":true}]}}