{"id":31163,"date":"2025-08-09T01:39:57","date_gmt":"2025-08-09T01:39:57","guid":{"rendered":"https:\/\/compunegocios.com.pe\/index.php\/product\/teclado-genius-mouse-wireless-smart-km-8200-ai-copilot-usb-black-grey-31340003420\/"},"modified":"2025-08-19T16:39:50","modified_gmt":"2025-08-19T16:39:50","slug":"teclado-genius-mouse-wireless-smart-km-8200-ai-copilot-usb-black-grey-31340003420","status":"publish","type":"product","link":"https:\/\/tmp.compunegocios.com.pe\/index.php\/product\/teclado-genius-mouse-wireless-smart-km-8200-ai-copilot-usb-black-grey-31340003420\/","title":{"rendered":"TECLADO GENIUS + MOUSE WIRELESS SMART KM-8200 AI COPILOT USB BLACK\/GREY (31340003420)"},"content":{"rendered":"<p>MARCA\tGENIUS<br \/>\nMODELO\tSMART KM-8200<br \/>\nNUMERO DE PARTE\t31340003420<br \/>\nCARACTERISTICAS<br \/>\nTeclado personalizable. Junto con el motor inteligente Genius, proporciona un control completo de las 12 teclas de funci\u00f3n exclusivas.<br \/>\nCONECTIVIDAD\tConveniente para ingresar textos o comandos en m\u00faltiples dispositivos<br \/>\nConecta hasta 3 dispositivos de forma inal\u00e1mbrica. Funciona con PC, port\u00e1tiles, tabletas y tel\u00e9fonos. Compatible con Windows y Mac.<br \/>\nGENIUS KEY\tVisualice sus configuraciones de conveniencia con Genius Key<br \/>\nTe recuerda en caso que olvides la configuraci\u00f3n y tambi\u00e9n es divertido ver visualmente los cambios inteligentes del mapeo<br \/>\ncuando cambias entre aplicaciones.<br \/>\nPERZONALIZALO\tPuede personalizar cualquiera de las 12 teclas de funci\u00f3n para iniciar aplicaciones, visitar sitios web, habilitar contenido multimedia, enviar emojis<br \/>\ny crear accesos directos internos a aplicaciones. Con solo tocar un bot\u00f3n, tambi\u00e9n puede resaltar las palabras o frases que usa con m\u00e1s frecuencia.<br \/>\n\u00a1La comodidad y la eficiencia est\u00e1n a solo una pulsaci\u00f3n de tecla de distancia!<br \/>\nPRODUCTIVIDAD\tMantenga presionada la tecla Fn y presione F1 a F12 juntas, disfruta de m\u00fasica, correo electr\u00f3nico, la web y otras funciones utilizadas frecuentemente<br \/>\nDISE\u00d1O\tEliminando todas las \u00e1reas redundantes para presentar un efecto visual refinado y minimalista.<br \/>\nRESISTENTE AL AGUA\tNunca te preocupes por un derrame accidental de agua en tu teclado.<br \/>\nMOUSE\tLa forma contorneada del mouse inal\u00e1mbrico y los agarres laterales est\u00e1n dise\u00f1ados para adaptarse c\u00f3modamente a la palma derecha o izquierda,<br \/>\ny el seguimiento mejorado y el control preciso del cursor lo mantienen en control.<br \/>\nESPECIFICACIONES<br \/>\nPESO\tTeclado: Aprox. 422,5 g (sin bater\u00eda)<br \/>\nRat\u00f3n: Aprox. 54,5 g (sin bater\u00eda)<br \/>\nDIMENSIONES\tTeclado: 446,40 x 133,31 x 23,25 mm<br \/>\nRat\u00f3n: 97 x 55 x 35 mm<\/p>\n","protected":false},"excerpt":{"rendered":"<p>&#8211;<\/p>\n","protected":false},"featured_media":0,"template":"","meta":[],"pwb-brand":[],"product_brand":[],"product_cat":[186],"product_tag":[],"class_list":{"0":"post-31163","1":"product","2":"type-product","3":"status-publish","5":"product_cat-186","7":"first","8":"instock","9":"taxable","10":"shipping-taxable","11":"purchasable","12":"product-type-simple"},"brands":[],"_links":{"self":[{"href":"https:\/\/tmp.compunegocios.com.pe\/index.php\/wp-json\/wp\/v2\/product\/31163","targetHints":{"allow":["GET"]}}],"collection":[{"href":"https:\/\/tmp.compunegocios.com.pe\/index.php\/wp-json\/wp\/v2\/product"}],"about":[{"href":"https:\/\/tmp.compunegocios.com.pe\/index.php\/wp-json\/wp\/v2\/types\/product"}],"wp:attachment":[{"href":"https:\/\/tmp.compunegocios.com.pe\/index.php\/wp-json\/wp\/v2\/media?parent=31163"}],"wp:term":[{"taxonomy":"pwb-brand","embeddable":true,"href":"https:\/\/tmp.compunegocios.com.pe\/index.php\/wp-json\/wp\/v2\/pwb-brand?post=31163"},{"taxonomy":"product_brand","embeddable":true,"href":"https:\/\/tmp.compunegocios.com.pe\/index.php\/wp-json\/wp\/v2\/product_brand?post=31163"},{"taxonomy":"product_cat","embeddable":true,"href":"https:\/\/tmp.compunegocios.com.pe\/index.php\/wp-json\/wp\/v2\/product_cat?post=31163"},{"taxonomy":"product_tag","embeddable":true,"href":"https:\/\/tmp.compunegocios.com.pe\/index.php\/wp-json\/wp\/v2\/product_tag?post=31163"}],"curies":[{"name":"wp","href":"https:\/\/api.w.org\/{rel}","templated":true}]}}