{"id":31164,"date":"2025-08-09T01:40:06","date_gmt":"2025-08-09T01:40:06","guid":{"rendered":"https:\/\/compunegocios.com.pe\/index.php\/product\/teclado-genius-slimstar-820-retroiluminado-ai-copilot-usb-sp-black-31310055401\/"},"modified":"2025-08-19T16:39:51","modified_gmt":"2025-08-19T16:39:51","slug":"teclado-genius-slimstar-820-retroiluminado-ai-copilot-usb-sp-black-31310055401","status":"publish","type":"product","link":"https:\/\/tmp.compunegocios.com.pe\/index.php\/product\/teclado-genius-slimstar-820-retroiluminado-ai-copilot-usb-sp-black-31310055401\/","title":{"rendered":"TECLADO GENIUS SLIMSTAR 820 RETROILUMINADO AI COPILOT USB SP BLACK (31310055401)"},"content":{"rendered":"<p>MARCA\tGENIUS<br \/>\nMODELO\tSLIMSTAR 820<br \/>\nNUMERO DE PARTE\t31310055401<br \/>\nCARACTERISTICAS<br \/>\nEl teclado delgado iluminado con teclas retroiluminadas mejoradas facilita la escritura incluso en la oscuridad. Las teclas de caracteres son m\u00e1s<br \/>\nn\u00edtidas, brillantes y claras de leer. La atenuaci\u00f3n o el aumento de la iluminaci\u00f3n de fondo se pueden ajustar o apagar seg\u00fan la luz de la habitaci\u00f3<br \/>\nDISE\u00d1O\tAnti-efecto fantasma con 19 teclas.<br \/>\nTecla de retroiluminaci\u00f3n encendida\/apagada.<br \/>\nAjusta el brillo de la luz de fondo.<br \/>\nESPECIFICACIONES<br \/>\nLONGITUD DE CABLE\t1,8 metros<br \/>\nPESO\tAprox. 470 g.<br \/>\nDIMENSIONES\t446,40 x 133,31 x 23,25 mm.<\/p>\n","protected":false},"excerpt":{"rendered":"<p>&#8211;<\/p>\n","protected":false},"featured_media":0,"template":"","meta":[],"pwb-brand":[],"product_brand":[],"product_cat":[189],"product_tag":[],"class_list":{"0":"post-31164","1":"product","2":"type-product","3":"status-publish","5":"product_cat-189","7":"first","8":"instock","9":"taxable","10":"shipping-taxable","11":"purchasable","12":"product-type-simple"},"brands":[],"_links":{"self":[{"href":"https:\/\/tmp.compunegocios.com.pe\/index.php\/wp-json\/wp\/v2\/product\/31164","targetHints":{"allow":["GET"]}}],"collection":[{"href":"https:\/\/tmp.compunegocios.com.pe\/index.php\/wp-json\/wp\/v2\/product"}],"about":[{"href":"https:\/\/tmp.compunegocios.com.pe\/index.php\/wp-json\/wp\/v2\/types\/product"}],"wp:attachment":[{"href":"https:\/\/tmp.compunegocios.com.pe\/index.php\/wp-json\/wp\/v2\/media?parent=31164"}],"wp:term":[{"taxonomy":"pwb-brand","embeddable":true,"href":"https:\/\/tmp.compunegocios.com.pe\/index.php\/wp-json\/wp\/v2\/pwb-brand?post=31164"},{"taxonomy":"product_brand","embeddable":true,"href":"https:\/\/tmp.compunegocios.com.pe\/index.php\/wp-json\/wp\/v2\/product_brand?post=31164"},{"taxonomy":"product_cat","embeddable":true,"href":"https:\/\/tmp.compunegocios.com.pe\/index.php\/wp-json\/wp\/v2\/product_cat?post=31164"},{"taxonomy":"product_tag","embeddable":true,"href":"https:\/\/tmp.compunegocios.com.pe\/index.php\/wp-json\/wp\/v2\/product_tag?post=31164"}],"curies":[{"name":"wp","href":"https:\/\/api.w.org\/{rel}","templated":true}]}}