{"id":31167,"date":"2025-08-11T17:05:12","date_gmt":"2025-08-11T17:05:12","guid":{"rendered":"https:\/\/compunegocios.com.pe\/index.php\/product\/parlante-creative-pebble-2-0-4-4w-3-5mm-usb-power-black-51mf1680aa000\/"},"modified":"2025-10-09T00:38:04","modified_gmt":"2025-10-09T00:38:04","slug":"parlante-creative-pebble-2-0-4-4w-3-5mm-usb-power-black-51mf1680aa000","status":"publish","type":"product","link":"https:\/\/tmp.compunegocios.com.pe\/index.php\/product\/parlante-creative-pebble-2-0-4-4w-3-5mm-usb-power-black-51mf1680aa000\/","title":{"rendered":"PARLANTE CREATIVE PEBBLE 2.0 4.4W 3.5MM USB-POWER BLACK (51MF1680AA000)"},"content":{"rendered":"<p>PARLANTE CREATIVE PEBBLE 2.0 4.4W 3.5MM USB-POWER BLACK (51MF1680AA000<br \/>\nMARCA\tCREATIVE<br \/>\nMODELO\tPEBBLE<br \/>\nN\u00daMERO DE PARTE\t51MF1680AA000<br \/>\nCARACTERISTICAS<br \/>\nAUDIO\tPresentando una soluci\u00f3n de drivers optimizados de campo lejano con elevaci\u00f3n de 45\u00b0, los Creative Pebble dirigen el sonido a sus o\u00eddos, dej\u00e1ndole en<br \/>\ndej\u00e1ndole en ese lugar \u00f3ptimo para una gran experiencia ac\u00fastica.<br \/>\nRADIADORES\tCon sus radiadores pasivos integrados y una combinaci\u00f3n impresionante de RMS de 4.4 W, el peque\u00f1o Creative Pebble es capaz de ofrecer audio<br \/>\nequilibrado con detalles profundos, de inmersi\u00f3n y cristalinos.<br \/>\nCONTROLES\tSimplemente conecte su dispositivo mediante la entrada 3.5 mm y prep\u00e1rese para ser sorprendido.<br \/>\nInst\u00e1ntaneamente controle su volume con el conveniente mando de Creative Pebble en el panel de control frontal.<br \/>\nTAMA\u00d1O\tMidiendo solo 4.4 pulgadas de anchura cada uno, el Creative Pebble puede colocarse convenientemente junto a su monitor sin comprometer el valioso<br \/>\nespacio de su escritorio.<br \/>\nCONECTIVIDAD\tPotenciado por un solo cable USB sin necesidad de un enchufe en la pared.<br \/>\nESPECIFICACIONES<br \/>\nDIMENSIONES\tSat\u00e9lites: 122 x 116 x 115 mm.<br \/>\nPESO\tSat\u00e9lite derecho: 345 g.<br \/>\nSat\u00e9lite izquierdo: 300 g.<br \/>\nTIPO DE CONECTOR\tConector est\u00e9reo anal\u00f3gico 3.5 mm, Entrada de l\u00ednea, Entrada auxiliar.<br \/>\nCOLOR\tNegro.<br \/>\nRESPUESTA DE FRECUENCIA\t100 Hz -17 kHz.<br \/>\nCONFIGURACI\u00d3N DEL SISTEMA\tSistema 2.0.<br \/>\nRELACI\u00d3N SE\u00d1AL, RUIDO\t86 dB.<\/p>\n","protected":false},"excerpt":{"rendered":"<p>&#8211;<\/p>\n","protected":false},"featured_media":0,"template":"","meta":[],"pwb-brand":[],"product_brand":[],"product_cat":[159],"product_tag":[],"class_list":{"0":"post-31167","1":"product","2":"type-product","3":"status-publish","5":"product_cat-159","7":"first","8":"outofstock","9":"taxable","10":"shipping-taxable","11":"purchasable","12":"product-type-simple"},"brands":[],"_links":{"self":[{"href":"https:\/\/tmp.compunegocios.com.pe\/index.php\/wp-json\/wp\/v2\/product\/31167","targetHints":{"allow":["GET"]}}],"collection":[{"href":"https:\/\/tmp.compunegocios.com.pe\/index.php\/wp-json\/wp\/v2\/product"}],"about":[{"href":"https:\/\/tmp.compunegocios.com.pe\/index.php\/wp-json\/wp\/v2\/types\/product"}],"wp:attachment":[{"href":"https:\/\/tmp.compunegocios.com.pe\/index.php\/wp-json\/wp\/v2\/media?parent=31167"}],"wp:term":[{"taxonomy":"pwb-brand","embeddable":true,"href":"https:\/\/tmp.compunegocios.com.pe\/index.php\/wp-json\/wp\/v2\/pwb-brand?post=31167"},{"taxonomy":"product_brand","embeddable":true,"href":"https:\/\/tmp.compunegocios.com.pe\/index.php\/wp-json\/wp\/v2\/product_brand?post=31167"},{"taxonomy":"product_cat","embeddable":true,"href":"https:\/\/tmp.compunegocios.com.pe\/index.php\/wp-json\/wp\/v2\/product_cat?post=31167"},{"taxonomy":"product_tag","embeddable":true,"href":"https:\/\/tmp.compunegocios.com.pe\/index.php\/wp-json\/wp\/v2\/product_tag?post=31167"}],"curies":[{"name":"wp","href":"https:\/\/api.w.org\/{rel}","templated":true}]}}