{"id":31168,"date":"2025-08-11T17:05:16","date_gmt":"2025-08-11T17:05:16","guid":{"rendered":"https:\/\/compunegocios.com.pe\/index.php\/product\/parlante-creative-pebble-se-rgb-2-0-4-4w-8-8w-3-5mm-usb-power-black-51mf1725aa000\/"},"modified":"2025-08-19T16:39:54","modified_gmt":"2025-08-19T16:39:54","slug":"parlante-creative-pebble-se-rgb-2-0-4-4w-8-8w-3-5mm-usb-power-black-51mf1725aa000","status":"publish","type":"product","link":"https:\/\/tmp.compunegocios.com.pe\/index.php\/product\/parlante-creative-pebble-se-rgb-2-0-4-4w-8-8w-3-5mm-usb-power-black-51mf1725aa000\/","title":{"rendered":"PARLANTE CREATIVE PEBBLE SE RGB 2.0 4.4W \/ 8.8W 3.5MM USB-POWER BLACK (51MF1725AA000)"},"content":{"rendered":"<p>PARLANTE CREATIVE PEBBLE SE RGB 2.0 4.4W \/ 8.8W 3.5MM USB-POWER BLACK (51MF1725AA000)<br \/>\nMARCA\tCREATIVE<br \/>\nMODELO\tPEBBLE SE<br \/>\nNUMERO DE PARTE\t51MF1725AA000<br \/>\nCARACTERISTICAS<br \/>\nUni\u00e9ndose a la familia legendaria Pebble, Creative Pebble SE est\u00e1 aqu\u00ed para revolucionar su configuraci\u00f3n con su vibrante personalidad.<br \/>\nBasado en el original, que obtuvo elogios como \u00abMejores altavoces para PC\u00bb, esta nueva incorporaci\u00f3n aporta iluminaci\u00f3n RGB a la fiesta manteniendo<br \/>\ntodas las caracter\u00edsticas que le encantan.<br \/>\nAltavoces 2.0 para PC con alimentaci\u00f3n USB-C e iluminaci\u00f3n RGB<br \/>\nILUMINACION RGB\t7 vibrantes ajustes preestablecidos RGB integrados para elevar la est\u00e9tica de su configuraci\u00f3n m\u00e1s all\u00e1 de la pantalla.<br \/>\nDesde un espectro din\u00e1mico de colores radiantes hasta un brillo est\u00e1tico, deje que la luz brille<br \/>\nPERFECTAMENTE MINIMALISTA\tCon solo 116.86 mm de altura, Creative Pebble SE cabe en cualquier rinc\u00f3n de su habitaci\u00f3n o casa.<br \/>\nPLUG-AND-PLAY\tSimplemente conecte el cable USB-C a un puerto USB disponible para alimentaci\u00f3n y el cable de entrada AUX al dispositivo de audio para audio.<br \/>\nAUDIO POR ENCIMA DE SU TAMA\u00d1O\tcon una potencia RMS de hasta 4.4 W y radiadores pasivos integrados, experimente un sonido m\u00e1s completo y equilibrado.<br \/>\nESPECIFICACIONES<br \/>\nPESO\tSat\u00e9lite izquierdo: 330 gr.<br \/>\nSat\u00e9lite derecho: 350 gr.<br \/>\nLONGITUD DEL CABLE\tCable de altavoz de derecha a izquierda: 1.5 m<br \/>\nCable de alimentaci\u00f3n USB-C adjunto: 1.2 m<br \/>\nCable est\u00e9reo auxiliar de 3.5 mm adjunto: 1.2 m<br \/>\nDIMENSIONES\tSat\u00e9lite izquierdo\/derecho: 116.86 x 115.70 x 112.55 mm (por altavoz)<\/p>\n","protected":false},"excerpt":{"rendered":"<p>&#8211;<\/p>\n","protected":false},"featured_media":0,"template":"","meta":[],"pwb-brand":[],"product_brand":[],"product_cat":[159],"product_tag":[],"class_list":{"0":"post-31168","1":"product","2":"type-product","3":"status-publish","5":"product_cat-159","7":"first","8":"instock","9":"taxable","10":"shipping-taxable","11":"purchasable","12":"product-type-simple"},"brands":[],"_links":{"self":[{"href":"https:\/\/tmp.compunegocios.com.pe\/index.php\/wp-json\/wp\/v2\/product\/31168","targetHints":{"allow":["GET"]}}],"collection":[{"href":"https:\/\/tmp.compunegocios.com.pe\/index.php\/wp-json\/wp\/v2\/product"}],"about":[{"href":"https:\/\/tmp.compunegocios.com.pe\/index.php\/wp-json\/wp\/v2\/types\/product"}],"wp:attachment":[{"href":"https:\/\/tmp.compunegocios.com.pe\/index.php\/wp-json\/wp\/v2\/media?parent=31168"}],"wp:term":[{"taxonomy":"pwb-brand","embeddable":true,"href":"https:\/\/tmp.compunegocios.com.pe\/index.php\/wp-json\/wp\/v2\/pwb-brand?post=31168"},{"taxonomy":"product_brand","embeddable":true,"href":"https:\/\/tmp.compunegocios.com.pe\/index.php\/wp-json\/wp\/v2\/product_brand?post=31168"},{"taxonomy":"product_cat","embeddable":true,"href":"https:\/\/tmp.compunegocios.com.pe\/index.php\/wp-json\/wp\/v2\/product_cat?post=31168"},{"taxonomy":"product_tag","embeddable":true,"href":"https:\/\/tmp.compunegocios.com.pe\/index.php\/wp-json\/wp\/v2\/product_tag?post=31168"}],"curies":[{"name":"wp","href":"https:\/\/api.w.org\/{rel}","templated":true}]}}