{"id":31169,"date":"2025-08-12T01:15:21","date_gmt":"2025-08-12T01:15:21","guid":{"rendered":"https:\/\/compunegocios.com.pe\/index.php\/product\/audifono-c-microf-logitech-g435-bt-lightspeed-white-981-001073\/"},"modified":"2025-09-01T23:33:10","modified_gmt":"2025-09-01T23:33:10","slug":"audifono-c-microf-logitech-g435-bt-lightspeed-white-981-001073","status":"publish","type":"product","link":"https:\/\/tmp.compunegocios.com.pe\/index.php\/product\/audifono-c-microf-logitech-g435-bt-lightspeed-white-981-001073\/","title":{"rendered":"AUDIFONO C\/MICROF. LOGITECH G435 BT \/ LIGHTSPEED WHITE (981-001073)"},"content":{"rendered":"<p>AUDIFONO C\/MICROF. LOGITECH G435 BT \/ LIGHTSPEED WHITE (981-001073)<br \/>\nMARCA\tLOGITECH<br \/>\nMODELO\tG435<br \/>\nN\u00daMERO DE PARTE\t981-001073<br \/>\nCARACTER\u00cdSTICAS<br \/>\nLIGHTSPEED es inal\u00e1mbrico para juegos que te permite jugar con una respuesta de audio de alto rendimiento, una s\u00f3lida conectividad y una bater\u00eda de<br \/>\nlarga duraci\u00f3n. Todo con un alcance de hasta 10 metros \/ 33 pies.<br \/>\nPuede utilizar LIGHTSPEED en PC, Mac, PlayStation 4 y PlayStation 5.<br \/>\nBLUETOOTH INAL\u00c1MBRICO\tCuando desee conectar G435 a otro dispositivo, a\u00fan puede jugar a altas velocidades con Bluetooth de baja latencia. Y, por supuesto, tambi\u00e9n puedes<br \/>\nescuchar m\u00fasica y hablar con amigos.<br \/>\n18 HORAS DE JUEGO\tYa sea que est\u00e9 jugando o escuchando m\u00fasica, podr\u00e1 disfrutar de su experiencia inal\u00e1mbrica durante 18 horas con una carga completa.<br \/>\nCOMODIDAD LIGERA\tCon un peso de solo 165 gramos, G435 es liviano y lo suficientemente c\u00f3modo para usar todo el d\u00eda.<br \/>\nESPUMA VISCOEL\u00c1STICA\tEst\u00e1n cubiertas en una tela transpirable que mantiene sus oidos frescos durante largas sesiones de juego.<br \/>\nEl acolchado de espuma viscoel\u00e1stica no solo es c\u00f3modo, sino que tambi\u00e9n ayuda a absorber las ondas sonoras para mejorar los sonidos que escuchas.<br \/>\nBRAZO ARTICULADO VIRTUAL\tCon micr\u00f3fonos de formaci\u00f3n de doble haz integrados, deja caer el brazo del micr\u00f3fono mientras reduce el ruido de fondo y se asegura de que suene como<br \/>\nsi estuviera en la misma habitaci\u00f3n que sus amigos.<br \/>\nb&gt;CALIDAD DE AUDIO SUPERIOR\tSum\u00e9rjase en un sonido de alta fidelidad cuidadosamente equilibrado. Con certificaci\u00f3n Discord, G435 cuenta con controladores de audio de 40 mm y<br \/>\ncompatibilidad con Dolby Atmos, Tempest 3D, AudioTech y Windows Sonic.<br \/>\nABAJO A TAMA\u00d1O\tG435 se adapta a una amplia gama de jugadores, pero est\u00e1 optimizado para la comodidad de los jugadores m\u00e1s j\u00f3venes y aquellos con cabezas m\u00e1s peque\u00f1as<br \/>\nESPECIFICACIONES<br \/>\nCOMPATIBILIDAD\tLIGHTSPEED Wireless: puerto USB 2.0 (puerto tipo A). PC con windows\u00ae 10 o posterior, macOS\u00ae X 10.14 o posterior, PlayStation 5 o PlayStation 4<br \/>\nBluetooth: dispositivos con conectividad de audio BluetoothCompatible con Dolby Atmos, Tempest 3D AudioTech y Windows Sonic Spatial Sound<br \/>\nPESO\t165 gramos<br \/>\nDIMENSIONES\t163 \u00d7 170 \u00d7 71 mm<br \/>\nCONTROLADORES DE AUDIO\t40 mm<br \/>\nRESPUESTA DE FRECUENCIA\t20 Hz &#8211; 20 KHz<br \/>\nIMPEDANCIA\t45 ohmios (pasiva)<br \/>\nSENSIBILIDAD\t83,1 dB SPL \/ mW<br \/>\nVOLUMEN M\u00c1XIMO\t&lt;100 dB con limitador opcional a &lt;85 dB<br \/>\nRESPUESTA DE FRECUENCIA\t100 Hz &#8211; 8 KHz<br \/>\nGAMA INAL\u00c1MBRICA\tHasta 10 metros (33 pies) a trav\u00e9s del receptor USB LIGHTSPEED o Bluetooth<br \/>\nTIEMPO DE JUEGO\t18 horas.<br \/>\nPUERTO DE CARGA\tUSB-C<br \/>\nCABLE DE CARGA\tUSB-A a USB-C<\/p>\n","protected":false},"excerpt":{"rendered":"<p>&#8211;<\/p>\n","protected":false},"featured_media":0,"template":"","meta":[],"pwb-brand":[],"product_brand":[],"product_cat":[161],"product_tag":[],"class_list":{"0":"post-31169","1":"product","2":"type-product","3":"status-publish","5":"product_cat-161","7":"first","8":"outofstock","9":"taxable","10":"shipping-taxable","11":"purchasable","12":"product-type-simple"},"brands":[],"_links":{"self":[{"href":"https:\/\/tmp.compunegocios.com.pe\/index.php\/wp-json\/wp\/v2\/product\/31169","targetHints":{"allow":["GET"]}}],"collection":[{"href":"https:\/\/tmp.compunegocios.com.pe\/index.php\/wp-json\/wp\/v2\/product"}],"about":[{"href":"https:\/\/tmp.compunegocios.com.pe\/index.php\/wp-json\/wp\/v2\/types\/product"}],"wp:attachment":[{"href":"https:\/\/tmp.compunegocios.com.pe\/index.php\/wp-json\/wp\/v2\/media?parent=31169"}],"wp:term":[{"taxonomy":"pwb-brand","embeddable":true,"href":"https:\/\/tmp.compunegocios.com.pe\/index.php\/wp-json\/wp\/v2\/pwb-brand?post=31169"},{"taxonomy":"product_brand","embeddable":true,"href":"https:\/\/tmp.compunegocios.com.pe\/index.php\/wp-json\/wp\/v2\/product_brand?post=31169"},{"taxonomy":"product_cat","embeddable":true,"href":"https:\/\/tmp.compunegocios.com.pe\/index.php\/wp-json\/wp\/v2\/product_cat?post=31169"},{"taxonomy":"product_tag","embeddable":true,"href":"https:\/\/tmp.compunegocios.com.pe\/index.php\/wp-json\/wp\/v2\/product_tag?post=31169"}],"curies":[{"name":"wp","href":"https:\/\/api.w.org\/{rel}","templated":true}]}}