{"id":31170,"date":"2025-08-12T01:15:26","date_gmt":"2025-08-12T01:15:26","guid":{"rendered":"https:\/\/compunegocios.com.pe\/index.php\/product\/audifono-c-microf-logitech-g535-lightspeed-ps5-ps4-pc-wireless-black-blue-939-002218\/"},"modified":"2025-08-21T22:14:28","modified_gmt":"2025-08-21T22:14:28","slug":"audifono-c-microf-logitech-g535-lightspeed-ps5-ps4-pc-wireless-black-blue-939-002218","status":"publish","type":"product","link":"https:\/\/tmp.compunegocios.com.pe\/index.php\/product\/audifono-c-microf-logitech-g535-lightspeed-ps5-ps4-pc-wireless-black-blue-939-002218\/","title":{"rendered":"AUDIFONO C\/MICROF. LOGITECH G535 LIGHTSPEED PS5\/PS4\/PC WIRELESS BLACK\/BLUE (939-002218)"},"content":{"rendered":"<p>AUDIFONO C\/MICROF. LOGITECH G535 LIGHTSPEED PS5\/PS4\/PC WIRELESS BLACK\/BLUE (939-002218)<br \/>\nMARCA\tLOGITECH<br \/>\nMODELO\tG535<br \/>\nNUMERO DE PARTE\t939-002218<br \/>\nCARACTERISTICAS<br \/>\nLos G535 se dise\u00f1aron para un desempe\u00f1o de baja latencia, libertad sin cables y confort prolongado para todas tus sesiones de juego.<br \/>\nTECNOLOGIA INALAMBRICA LIGHTSPEED\tBaja latencia, alto desempe\u00f1o, conectividad profesional. Incre\u00edble duraci\u00f3n de bater\u00eda de hasta 33 horas de juego.<br \/>\nHasta 12 metros de confiable libertad inal\u00e1mbrica.<br \/>\nLIGEROS Y CONFORTABLES\tCon s\u00f3lo 236 gramos, los G535 son m\u00e1s peque\u00f1os y ligeros que los G733. El dise\u00f1o de diadema con suspensi\u00f3n distribuye el peso y alivia la presi\u00f3n.<br \/>\nY las copas de espuma viscoel\u00e1stica suave y tejido de malla deportiva garantizan el confort durante las sesiones de juego.<br \/>\nPLUG AND PLAY\tOptimiza tu juego con unos aud\u00edfonos inal\u00e1mbricos con micr\u00f3fono para juegos Plug and Play f\u00e1ciles de usar.<br \/>\nLos G535 utilizan un receptor USB compatible con PC y PlayStation.<br \/>\nCONTROLES INTEGRADOS EN EL AUD\u00cdFONO\tEl control giratorio de volumen est\u00e1 colocado directamente en la copa, para subir r\u00e1pidamente el volumen de tu juego o m\u00fasica.<br \/>\nVoltea el micr\u00f3fono hacia arriba para silenciarlo y apartarlo al instante.<br \/>\nTRANSDUCTORES DE 40 MM\tCon transductores de neodimio de 40 mm, los aud\u00edfonos G535 ofrecen un sonido est\u00e9reo n\u00edtido, claro y profundo que da vida a tu juego.<br \/>\nDIADEMA REVERSIBLE AJUSTABLE\tLa suave diadema el\u00e1stica se puede ajustar para que se adapte mejor al tama\u00f1o de la cabeza. La diadema es reversible y lavable.<br \/>\nCERTIFICACI\u00d3N DISCORD\tLos G535 cuentan con certificaci\u00f3n Discord para garantizar un nitid\u00edsimo desempe\u00f1o de las comunicaciones, con excelente sonido y voces claras.<br \/>\nESPECIFICACIONES<br \/>\nPESO\t236 g<\/p>\n","protected":false},"excerpt":{"rendered":"<p>&#8211;<\/p>\n","protected":false},"featured_media":0,"template":"","meta":[],"pwb-brand":[],"product_brand":[],"product_cat":[161],"product_tag":[],"class_list":{"0":"post-31170","1":"product","2":"type-product","3":"status-publish","5":"product_cat-161","7":"first","8":"outofstock","9":"taxable","10":"shipping-taxable","11":"purchasable","12":"product-type-simple"},"brands":[],"_links":{"self":[{"href":"https:\/\/tmp.compunegocios.com.pe\/index.php\/wp-json\/wp\/v2\/product\/31170","targetHints":{"allow":["GET"]}}],"collection":[{"href":"https:\/\/tmp.compunegocios.com.pe\/index.php\/wp-json\/wp\/v2\/product"}],"about":[{"href":"https:\/\/tmp.compunegocios.com.pe\/index.php\/wp-json\/wp\/v2\/types\/product"}],"wp:attachment":[{"href":"https:\/\/tmp.compunegocios.com.pe\/index.php\/wp-json\/wp\/v2\/media?parent=31170"}],"wp:term":[{"taxonomy":"pwb-brand","embeddable":true,"href":"https:\/\/tmp.compunegocios.com.pe\/index.php\/wp-json\/wp\/v2\/pwb-brand?post=31170"},{"taxonomy":"product_brand","embeddable":true,"href":"https:\/\/tmp.compunegocios.com.pe\/index.php\/wp-json\/wp\/v2\/product_brand?post=31170"},{"taxonomy":"product_cat","embeddable":true,"href":"https:\/\/tmp.compunegocios.com.pe\/index.php\/wp-json\/wp\/v2\/product_cat?post=31170"},{"taxonomy":"product_tag","embeddable":true,"href":"https:\/\/tmp.compunegocios.com.pe\/index.php\/wp-json\/wp\/v2\/product_tag?post=31170"}],"curies":[{"name":"wp","href":"https:\/\/api.w.org\/{rel}","templated":true}]}}