{"id":31171,"date":"2025-08-12T01:15:52","date_gmt":"2025-08-12T01:15:52","guid":{"rendered":"https:\/\/compunegocios.com.pe\/index.php\/product\/mouse-logitech-g502-x-plus-lightspeed-wifi-25k-dpi-lightforce-lightsync-rgb-black-910-006160\/"},"modified":"2025-08-19T16:39:56","modified_gmt":"2025-08-19T16:39:56","slug":"mouse-logitech-g502-x-plus-lightspeed-wifi-25k-dpi-lightforce-lightsync-rgb-black-910-006160","status":"publish","type":"product","link":"https:\/\/tmp.compunegocios.com.pe\/index.php\/product\/mouse-logitech-g502-x-plus-lightspeed-wifi-25k-dpi-lightforce-lightsync-rgb-black-910-006160\/","title":{"rendered":"MOUSE LOGITECH G502 X PLUS LIGHTSPEED WIFI 25K DPI LIGHTFORCE\/LIGHTSYNC RGB BLACK (910-006160)"},"content":{"rendered":"<p>MOUSE LOGITECH G502 X PLUS LIGHTSPEED WIFI 25K DPI<br \/>\nMARCA\tLOGITECH G<br \/>\nMODELO\tG502 X PLUS<br \/>\nN\u00daMERO DE PARTE\t910-006160<br \/>\nCARACTER\u00cdSITCAS<br \/>\nG502 X PLUS es la \u00faltima adici\u00f3n a la legendaria gama G502. Reinventado con nuestros primer\u00edsimos interruptores h\u00edbridos LIGHTFORCE, tecnolog\u00eda<br \/>\ninal\u00e1mbrica LIGHTSPEED de nivel profesional, RGB LIGHTSYNC, sensor HERO 25K, etc.<br \/>\nINTERRUPTORES LIGHTFORCE\tLos revolucionarios interruptores h\u00edbridos \u00f3ptico-mec\u00e1nicos ofrecen velocidad y confiabilidad superiores mediante actuaci\u00f3n \u00f3ptica. La actuaci\u00f3n<br \/>\nmec\u00e1nica mantiene la sensaci\u00f3n de respuesta t\u00e1ctil bien definida que les encanta a los jugadores.<br \/>\nRGB LIGHTSYNC\tLa tecnolog\u00eda LIGHTSYNC habilita la iluminaci\u00f3n de espectro completo din\u00e1mica con un control total de unos 16,8 millones de vivos colores, en una<br \/>\nmatriz de 8 LED. La detecci\u00f3n de juego apaga la iluminaci\u00f3n autom\u00e1ticamente al colocar la mano encima, para conservar la energ\u00eda de las bater\u00edas.<br \/>\nTECNOLOG\u00cdA INAL\u00c1MBRICA LIGHTSPEED\tConectividad de nivel profesional, ahora con un protocolo actualizado que ofrece una tasa de respuesta un 68% m\u00e1s r\u00e1pida que la generaci\u00f3n anterior.<br \/>\nCon la incre\u00edble eficiencia de la tecnolog\u00eda LIGHTSPEED, G502 X PLUS tambi\u00e9n ofrece unas 120 horas de duraci\u00f3n de la bater\u00eda con la funci\u00f3n RGB<br \/>\ndesactivada, y 37 horas con la funci\u00f3n activada.<br \/>\nSENSOR HERO 25K\tNuestro sensor para juegos m\u00e1s avanzado logra precisi\u00f3n submicr\u00f3nica sin suavizado, aceleraci\u00f3n ni filtros. Con seguimiento superior y consumo de<br \/>\nenerg\u00eda inteligente, HERO 25K ofrece un desempe\u00f1o, una eficiencia energ\u00e9tica y una precisi\u00f3n sin igual.<br \/>\nBOT\u00d3N DE CAMBIO DE DPI AJUSTABLE\tHemos redise\u00f1ado el bot\u00f3n de cambio de dpi para permitirte elegir la configuraci\u00f3n adecuada para tu estilo de sujeci\u00f3n y juego. Lo puedes sacar y<br \/>\nrecolocar para acercarlo al pulgar. O puedes ponerle la cubierta incluida.<br \/>\nBOT\u00d3N RUEDA CON DOS MODOS\tGira libremente en modo hiperr\u00e1pido el bot\u00f3n rueda aligerado. Cambia con un click al modo gradual para un desplazamiento m\u00e1s preciso. Incl\u00ednalo a la<br \/>\nizquierda o la derecha para usar dos controles adicionales, totalmente programables.<br \/>\nCOMPATIBLE CON POWERPLAY\tMant\u00e9n tu G502 X PLUS cargado, tanto en reposo como en plena acci\u00f3n, con nuestra exclusiva soluci\u00f3n de carga inal\u00e1mbrica. POWERPLAY pone fin al<br \/>\nproblema de las bater\u00edas agotadas. Nunca m\u00e1s tendr\u00e1s que ocuparte de cargar tu mouse.<br \/>\nESPECIFICACIONES<br \/>\nMEMORIA INTEGRADA\tHasta 5 perfiles.<br \/>\nBOTONES\t13 controles programables.<br \/>\nCARGA\tPuerto de carga USB-C.<br \/>\nDURACI\u00d3N DE BATER\u00cdA\tMovimiento constante 120 horas (37 horas con RGB activado).<br \/>\nRESOLUCI\u00d3N\t100 &#8211; 25.600 dpi.<br \/>\nACELERACI\u00d3N M\u00c1XIMA\t&gt;40G2.<br \/>\nVELOCIDAD M\u00c1XIMA\t&gt;400 IPS. Sin suavizado\/aceleraci\u00f3n\/filtros.<br \/>\nDIMENSIONES\t131,4 x 41,1 x 79,2 mm<br \/>\nPESO\t106 g<br \/>\nCOMPATIBILIDAD\tPuerto USB, Acceso a Internet para descarga de software opcional. Windows 10 o posterior, macOS 10.14 o posterior.<\/p>\n","protected":false},"excerpt":{"rendered":"<p>&#8211;<\/p>\n","protected":false},"featured_media":0,"template":"","meta":[],"pwb-brand":[],"product_brand":[],"product_cat":[194],"product_tag":[],"class_list":{"0":"post-31171","1":"product","2":"type-product","3":"status-publish","5":"product_cat-194","7":"first","8":"outofstock","9":"taxable","10":"shipping-taxable","11":"purchasable","12":"product-type-simple"},"brands":[],"_links":{"self":[{"href":"https:\/\/tmp.compunegocios.com.pe\/index.php\/wp-json\/wp\/v2\/product\/31171","targetHints":{"allow":["GET"]}}],"collection":[{"href":"https:\/\/tmp.compunegocios.com.pe\/index.php\/wp-json\/wp\/v2\/product"}],"about":[{"href":"https:\/\/tmp.compunegocios.com.pe\/index.php\/wp-json\/wp\/v2\/types\/product"}],"wp:attachment":[{"href":"https:\/\/tmp.compunegocios.com.pe\/index.php\/wp-json\/wp\/v2\/media?parent=31171"}],"wp:term":[{"taxonomy":"pwb-brand","embeddable":true,"href":"https:\/\/tmp.compunegocios.com.pe\/index.php\/wp-json\/wp\/v2\/pwb-brand?post=31171"},{"taxonomy":"product_brand","embeddable":true,"href":"https:\/\/tmp.compunegocios.com.pe\/index.php\/wp-json\/wp\/v2\/product_brand?post=31171"},{"taxonomy":"product_cat","embeddable":true,"href":"https:\/\/tmp.compunegocios.com.pe\/index.php\/wp-json\/wp\/v2\/product_cat?post=31171"},{"taxonomy":"product_tag","embeddable":true,"href":"https:\/\/tmp.compunegocios.com.pe\/index.php\/wp-json\/wp\/v2\/product_tag?post=31171"}],"curies":[{"name":"wp","href":"https:\/\/api.w.org\/{rel}","templated":true}]}}