{"id":31174,"date":"2025-08-12T01:16:40","date_gmt":"2025-08-12T01:16:40","guid":{"rendered":"https:\/\/compunegocios.com.pe\/index.php\/product\/mouse-logitech-m196-bluetooth-black-910-007456\/"},"modified":"2025-08-30T21:12:54","modified_gmt":"2025-08-30T21:12:54","slug":"mouse-logitech-m196-bluetooth-black-910-007456","status":"publish","type":"product","link":"https:\/\/tmp.compunegocios.com.pe\/index.php\/product\/mouse-logitech-m196-bluetooth-black-910-007456\/","title":{"rendered":"MOUSE LOGITECH M196 BLUETOOTH BLACK (910-007456)"},"content":{"rendered":"<p>MOUSE LOGITECH M196 BLUETOOTH BLACK (910-007456)<\/p>\n<p>MARCA\tLOGITECH<br \/>\nMODELO\tM196<br \/>\nNUMERO DE PARTE\t910-007456<br \/>\nCARACTERISTICAS<br \/>\nTe presentamos M196, el confiable mouse Bluetooth que libera tu espacio de trabajo, se conecta en segundos y est\u00e1 fabricado con pl\u00e1stico reciclado<br \/>\nduradero. El dise\u00f1o compacto y contorneado y los 12 meses de duraci\u00f3n de la bater\u00eda te permiten concentrarte en lo que haces mejor.<br \/>\nFORMA C\u00d3MODA, DISE\u00d1O COMPACTO\tLa forma c\u00f3moda del mouse es lo suficientemente peque\u00f1a como para llevarla contigo, y el dise\u00f1o ambidiestro gu\u00eda a cualquier tipo de mano.<br \/>\nNAVEGACI\u00d3N SENCILLA\tGracias al desplazamiento controlado l\u00ednea a l\u00ednea y al seguimiento \u00f3ptico, ofrece un control del cursor fluido y preciso en casi toda superficie<br \/>\nESPECIFICACIONES<br \/>\nDIMENSIONES\t100 x 60 x 38 mm<br \/>\nPESO\t76 gr Aprox. (con baterias)<br \/>\nSENSOR \u00d3PTICO\t1000 DPI<br \/>\nDURACIONES DE LAS BATERIAS\t12 meses (Depende las condiciones de uso)<\/p>\n","protected":false},"excerpt":{"rendered":"<p>&#8211;<\/p>\n","protected":false},"featured_media":0,"template":"","meta":[],"pwb-brand":[],"product_brand":[],"product_cat":[193],"product_tag":[],"class_list":{"0":"post-31174","1":"product","2":"type-product","3":"status-publish","5":"product_cat-193","7":"first","8":"instock","9":"taxable","10":"shipping-taxable","11":"purchasable","12":"product-type-simple"},"brands":[],"_links":{"self":[{"href":"https:\/\/tmp.compunegocios.com.pe\/index.php\/wp-json\/wp\/v2\/product\/31174","targetHints":{"allow":["GET"]}}],"collection":[{"href":"https:\/\/tmp.compunegocios.com.pe\/index.php\/wp-json\/wp\/v2\/product"}],"about":[{"href":"https:\/\/tmp.compunegocios.com.pe\/index.php\/wp-json\/wp\/v2\/types\/product"}],"wp:attachment":[{"href":"https:\/\/tmp.compunegocios.com.pe\/index.php\/wp-json\/wp\/v2\/media?parent=31174"}],"wp:term":[{"taxonomy":"pwb-brand","embeddable":true,"href":"https:\/\/tmp.compunegocios.com.pe\/index.php\/wp-json\/wp\/v2\/pwb-brand?post=31174"},{"taxonomy":"product_brand","embeddable":true,"href":"https:\/\/tmp.compunegocios.com.pe\/index.php\/wp-json\/wp\/v2\/product_brand?post=31174"},{"taxonomy":"product_cat","embeddable":true,"href":"https:\/\/tmp.compunegocios.com.pe\/index.php\/wp-json\/wp\/v2\/product_cat?post=31174"},{"taxonomy":"product_tag","embeddable":true,"href":"https:\/\/tmp.compunegocios.com.pe\/index.php\/wp-json\/wp\/v2\/product_tag?post=31174"}],"curies":[{"name":"wp","href":"https:\/\/api.w.org\/{rel}","templated":true}]}}