{"id":31177,"date":"2025-08-12T01:16:56","date_gmt":"2025-08-12T01:16:56","guid":{"rendered":"https:\/\/compunegocios.com.pe\/index.php\/product\/mouse-logitech-m240-silent-wireless-bluetooth-white-910-007116\/"},"modified":"2025-08-19T16:40:00","modified_gmt":"2025-08-19T16:40:00","slug":"mouse-logitech-m240-silent-wireless-bluetooth-white-910-007116","status":"publish","type":"product","link":"https:\/\/tmp.compunegocios.com.pe\/index.php\/product\/mouse-logitech-m240-silent-wireless-bluetooth-white-910-007116\/","title":{"rendered":"MOUSE LOGITECH M240 SILENT WIRELESS\/ BLUETOOTH WHITE (910-007116)"},"content":{"rendered":"<p>MOUSE LOGITECH M240 SILENT WIRELESS\/ BLUETOOTH WHITE (910-007116)<br \/>\nMARCA\tLOGITECH<br \/>\nMODELO\tM240<br \/>\nN\u00daMERO DE PARTE\t910-007116<br \/>\nCARACTER\u00cdSTICAS<br \/>\nRat\u00f3n Bluetooth, confiable con forma c\u00f3moda y clic silencioso.<br \/>\nBLUETOOTH\tM240 Silent se conecta en segundos con una conexi\u00f3n Bluetooth confiable de emparejamiento y reproducci\u00f3n, sin necesidad de dongle ni puerto. Funciona<br \/>\ncon Windows, macOS, ChromeOS, Linux, Android.<br \/>\nSILENCIOSO\tLa tecnolog\u00eda SilentTouch reduce los sonidos de clic en un 90 %. 7 Nivel de dBA del clic izquierdo medido por un laboratorio independiente a 1 m.<br \/>\nComparado con Logitech M185, pero mantiene la sensaci\u00f3n de clic familiar que conoces y amas. De modo que sientes cada clic, pero no escuchas<br \/>\npr\u00e1cticamente nada.<br \/>\nDURACI\u00d3N DE LA BATER\u00cdA\t18 meses de duraci\u00f3n de la bater\u00eda con suspensi\u00f3n autom\u00e1tica, para que pases m\u00e1s tiempo entre cambios de bater\u00eda. 8 La duraci\u00f3n de la bater\u00eda puede<br \/>\nvariar seg\u00fan el usuario y las condiciones de la computadora.<br \/>\nCALIDAD CONFIABLE\tEl mouse est\u00e1 construido utilizando los mismos est\u00e1ndares de alta calidad que han convertido a Logitech en el l\u00edder mundial en mouse y teclados.<br \/>\nDISE\u00d1O C\u00d3MODO\tMant\u00e9ngase productivo por m\u00e1s tiempo con la forma c\u00f3moda y contorneada que sigue la curva natural de su mano. Compacto e inal\u00e1mbrico, el mouse cabe<br \/>\nf\u00e1cilmente con su computadora port\u00e1til en un bolso, para que pueda llevarlo a cualquier lugar donde trabaje. M240 Silent est\u00e1 dise\u00f1ado para ser<br \/>\nigualmente c\u00f3modo tanto para usuarios diestros como zurdos.<br \/>\nF\u00c1CIL DESPLAZAMIENTO\tNavegue m\u00e1s f\u00e1cilmente con una experiencia de desplazamiento controlado l\u00ednea por l\u00ednea. No m\u00e1s molestos clics perdidos: disfrute de un control del<br \/>\ncursor suave y preciso en casi cualquier superficie.<br \/>\nPRODUCTIVIDAD INCREMENTADA\tHaga m\u00e1s cosas agregando M240 Silent a su computadora port\u00e1til. Seg\u00fan un estudio reciente, los usuarios de port\u00e1tiles que eligieron este rat\u00f3n en<br \/>\nlugar de un panel t\u00e1ctil fueron un 50% m\u00e1s productivos.<br \/>\nESPEC\u00cdFICACIONES<br \/>\nDIMENSIONES\t99 x 60 x 39 mm.<br \/>\nPESO (CON BATER\u00cdAS)\t73,8 g.<br \/>\nTECNOLOG\u00cdA DE SENSORES\tSeguimiento \u00f3ptico fluido.<br \/>\nDPIs\t400-4000, pasos de 100 DPI.<br \/>\nBOTONES\t3 (clic izquierdo\/derecho, clic central).<br \/>\nSCROLL\tS\u00ed, 2D, \u00f3ptica.<br \/>\nDURACI\u00d3N DE LA BATER\u00cdA\t18 meses. La duraci\u00f3n de la bater\u00eda puede variar seg\u00fan las condiciones del usuario y de la computadora.<br \/>\nTIPO DE BATER\u00cdA\t1 x AA (incluida).<br \/>\nTIPO DE CONEXI\u00d3N\tTecnolog\u00eda Bluetooth de bajo consumo.<br \/>\nALCANCE INAL\u00c1MBRICO\t33 pies (10 m) 3 El alcance inal\u00e1mbrico puede variar seg\u00fan el usuario, las condiciones ambientales y inform\u00e1ticas.<br \/>\nSOSTENIBILIDAD\t37% de material reciclado posconsumo.<br \/>\nb&gt;COMPATIBILIDAD\tComputadoras con Bluetooth o dispositivos m\u00f3viles que admitan ratones externos (perfil HID). Consulte con el fabricante del dispositivo para obtener<br \/>\nm\u00e1s detalles.<br \/>\nNOTA\tCompatible con receptor USB Logi Bolt (no incluido).<br \/>\nNo es compatible con otros receptores USB de Logitech.<\/p>\n","protected":false},"excerpt":{"rendered":"<p>&#8211;<\/p>\n","protected":false},"featured_media":0,"template":"","meta":[],"pwb-brand":[],"product_brand":[],"product_cat":[193],"product_tag":[],"class_list":{"0":"post-31177","1":"product","2":"type-product","3":"status-publish","5":"product_cat-193","7":"first","8":"instock","9":"taxable","10":"shipping-taxable","11":"purchasable","12":"product-type-simple"},"brands":[],"_links":{"self":[{"href":"https:\/\/tmp.compunegocios.com.pe\/index.php\/wp-json\/wp\/v2\/product\/31177","targetHints":{"allow":["GET"]}}],"collection":[{"href":"https:\/\/tmp.compunegocios.com.pe\/index.php\/wp-json\/wp\/v2\/product"}],"about":[{"href":"https:\/\/tmp.compunegocios.com.pe\/index.php\/wp-json\/wp\/v2\/types\/product"}],"wp:attachment":[{"href":"https:\/\/tmp.compunegocios.com.pe\/index.php\/wp-json\/wp\/v2\/media?parent=31177"}],"wp:term":[{"taxonomy":"pwb-brand","embeddable":true,"href":"https:\/\/tmp.compunegocios.com.pe\/index.php\/wp-json\/wp\/v2\/pwb-brand?post=31177"},{"taxonomy":"product_brand","embeddable":true,"href":"https:\/\/tmp.compunegocios.com.pe\/index.php\/wp-json\/wp\/v2\/product_brand?post=31177"},{"taxonomy":"product_cat","embeddable":true,"href":"https:\/\/tmp.compunegocios.com.pe\/index.php\/wp-json\/wp\/v2\/product_cat?post=31177"},{"taxonomy":"product_tag","embeddable":true,"href":"https:\/\/tmp.compunegocios.com.pe\/index.php\/wp-json\/wp\/v2\/product_tag?post=31177"}],"curies":[{"name":"wp","href":"https:\/\/api.w.org\/{rel}","templated":true}]}}