{"id":31178,"date":"2025-08-12T01:17:12","date_gmt":"2025-08-12T01:17:12","guid":{"rendered":"https:\/\/compunegocios.com.pe\/index.php\/product\/teclado-logitech-mouse-mk295-wireless-usb-black-920-009792\/"},"modified":"2025-08-19T16:40:01","modified_gmt":"2025-08-19T16:40:01","slug":"teclado-logitech-mouse-mk295-wireless-usb-black-920-009792","status":"publish","type":"product","link":"https:\/\/tmp.compunegocios.com.pe\/index.php\/product\/teclado-logitech-mouse-mk295-wireless-usb-black-920-009792\/","title":{"rendered":"TECLADO LOGITECH + MOUSE MK295 WIRELESS USB BLACK (920-009792)"},"content":{"rendered":"<p>TECLADO LOGITECH + MOUSE MK295 WIRELESS USB BLACK (920-009792)<br \/>\nMARCA\tLOGITECH<br \/>\nMODELO\tMK295<br \/>\nN\u00daMERO DE PARTE\t920-009792<br \/>\nCARACTER\u00cdSTICAS<br \/>\nConc\u00e9ntrese en su trabajo y elimine las distracciones. Conozca Logitech MK295 Silent Wireless Combo con SilentTouch.<br \/>\nTECNOLOG\u00cdA SILENT TOUCH\tNuestra innovadora tecnolog\u00eda SilentTouch elimina m\u00e1s del 90% de 1Click y el ruido de escritura se reduce en m\u00e1s del 90% en comparaci\u00f3n con Logitech<br \/>\nMK270.<br \/>\nTECLADO EN TAMA\u00d1O COMPLETO\tEl teclado de tama\u00f1o completo proporciona todo lo que necesita en un dise\u00f1o elegante y eficiente. 8 accesos directos convenientes m\u00e1s el teclado<br \/>\nnum\u00e9rico completo simplifican la entrada de datos y la navegaci\u00f3n.<br \/>\nMOUSE EN TAMA\u00d1O COMPACTO\tForma contorneada y port\u00e1til. Hacer clic y se\u00f1alar con suavidad y precisi\u00f3n en la mayor\u00eda de las superficies. Sin mencionar la impresionante<br \/>\ntranquilidad que hace posible SilentTouch.<br \/>\nCOMODIDAD INAL\u00c1MBRICA\tOlv\u00eddese de las interrupciones y retrasos con una conexi\u00f3n inal\u00e1mbrica de 2,4 GHz s\u00f3lida y fiable con un alcance de 10 m. Libere su escritorio con un<br \/>\nreceptor USB, tan peque\u00f1o que puede permanecer en su computadora.<br \/>\nBATER\u00cdA DE LARGA DURACI\u00d3N\tLa duraci\u00f3n de la bater\u00eda del teclado y del mouse de 18 meses, junto con los interruptores de encendido \/ apagado, significa que puede pasar meses sin<br \/>\nla molestia de cambiar las bater\u00edas.<br \/>\nTECLADO DURADERO Y FIABLE\tEl dise\u00f1o a prueba de derrames, probado en condiciones limitadas (m\u00e1ximo de 60 ml de derrame de l\u00edquido), teclas duraderas y patas robustas inclinadas<br \/>\ncon altura ajustable a\u00f1aden una capa adicional de utilidad y comodidad.<br \/>\nESPECIFICACIONES<br \/>\nALCANCE DE WIFI\t10 m<br \/>\nDIMENSIONES DEL TECLADO\t39 mm x 60 mm x 99 mm<br \/>\nPESO DEL TECLADO\t75.2 g<br \/>\nDIMENSIONES DEL MOUSE\t18 mm x 441 mm x 149 mm<br \/>\nPESO DEL MOUSE\t498 g<br \/>\nDIMENSIONES DEL NANO RECEPTOR\t14.4 mm x 18.7 mm x 6.1 mm<br \/>\nPESO DEL NANO RECEPTOR\t1.8 g<br \/>\nBATER\u00cdA DEL TECLADO\t2 pilas AAA (Pila alcalina), incluidas.<br \/>\nBATER\u00cdA DEL MOUSE\t1 pila AA (pila alcalina), incluida.<\/p>\n","protected":false},"excerpt":{"rendered":"<p>&#8211;<\/p>\n","protected":false},"featured_media":0,"template":"","meta":[],"pwb-brand":[],"product_brand":[],"product_cat":[332],"product_tag":[],"class_list":{"0":"post-31178","1":"product","2":"type-product","3":"status-publish","5":"product_cat-332","7":"first","8":"instock","9":"taxable","10":"shipping-taxable","11":"purchasable","12":"product-type-simple"},"brands":[],"_links":{"self":[{"href":"https:\/\/tmp.compunegocios.com.pe\/index.php\/wp-json\/wp\/v2\/product\/31178","targetHints":{"allow":["GET"]}}],"collection":[{"href":"https:\/\/tmp.compunegocios.com.pe\/index.php\/wp-json\/wp\/v2\/product"}],"about":[{"href":"https:\/\/tmp.compunegocios.com.pe\/index.php\/wp-json\/wp\/v2\/types\/product"}],"wp:attachment":[{"href":"https:\/\/tmp.compunegocios.com.pe\/index.php\/wp-json\/wp\/v2\/media?parent=31178"}],"wp:term":[{"taxonomy":"pwb-brand","embeddable":true,"href":"https:\/\/tmp.compunegocios.com.pe\/index.php\/wp-json\/wp\/v2\/pwb-brand?post=31178"},{"taxonomy":"product_brand","embeddable":true,"href":"https:\/\/tmp.compunegocios.com.pe\/index.php\/wp-json\/wp\/v2\/product_brand?post=31178"},{"taxonomy":"product_cat","embeddable":true,"href":"https:\/\/tmp.compunegocios.com.pe\/index.php\/wp-json\/wp\/v2\/product_cat?post=31178"},{"taxonomy":"product_tag","embeddable":true,"href":"https:\/\/tmp.compunegocios.com.pe\/index.php\/wp-json\/wp\/v2\/product_tag?post=31178"}],"curies":[{"name":"wp","href":"https:\/\/api.w.org\/{rel}","templated":true}]}}