{"id":31179,"date":"2025-08-12T01:17:16","date_gmt":"2025-08-12T01:17:16","guid":{"rendered":"https:\/\/compunegocios.com.pe\/index.php\/product\/teclado-logitech-mouse-pop-icon-bluetooth-wireless-sp-copilot-graphite-920-013052\/"},"modified":"2025-08-19T16:40:02","modified_gmt":"2025-08-19T16:40:02","slug":"teclado-logitech-mouse-pop-icon-bluetooth-wireless-sp-copilot-graphite-920-013052","status":"publish","type":"product","link":"https:\/\/tmp.compunegocios.com.pe\/index.php\/product\/teclado-logitech-mouse-pop-icon-bluetooth-wireless-sp-copilot-graphite-920-013052\/","title":{"rendered":"TECLADO LOGITECH + MOUSE POP ICON BLUETOOTH\/WIRELESS SP \/ COPILOT\/ GRAPHITE (920-013052)"},"content":{"rendered":"<p>TECLADO LOGITECH + MOUSE POP ICON BLUETOOTH\/WIRELESS SP \/ COPILOT\/ GRAPHITE (920-013052)<br \/>\nMARCA\tLOGITECH<br \/>\nMODELO\tPOP ICON COMBO<br \/>\nNUMERO DE PARTE\t920-013052<br \/>\nCARACTERISTICAS<br \/>\nAgrega un toque extra a tu escritorio con POP Icon Combo, un teclado y un mouse inal\u00e1mbricos elegantes, compactos y personalizables,<br \/>\ncon teclas de acci\u00f3n y botones de acci\u00f3n, escritura c\u00f3moda y desplazamiento r\u00e1pido.<br \/>\nGRAN IMPRESI\u00d3N, DISCRETAMENTE\tLas teclas suaves y de perfil bajo del teclado inal\u00e1mbrico est\u00e1n dise\u00f1adas para una escritura precisa, confortable y discreta. El contorno suave<br \/>\nde POP Mouse se adapta perfectamente a la palma de la mano y la tecnolog\u00eda SilentTouch hace que cada clic sea silencioso.<br \/>\nACCESOS DIRECTOS\tTransici\u00f3n perfecta del modo de trabajo al modo de descanso con teclas de acci\u00f3n personalizables y la aplicaci\u00f3n Logi Logi Options+ La aplicacion<br \/>\nAccede a tu conjunto de herramientas de productividad, abre tus redes sociales favoritas o inicia tus herramientas de IA m\u00e1s utilizadas con una sola<br \/>\nTRABAJA INTELIGENTEMENTE\tTrucos para la productividad al alcance de tu mano. Establecer una tecla de acci\u00f3n al modo de trabajo y abre todas tus aplicaciones de espacio de<br \/>\ntrabajo de Microsoft\/Google o las pesta\u00f1as web m\u00e1s utilizadas al instante. Haz las cosas f\u00e1cilmente accediendo a tus herramientas de IA con solo<br \/>\nuna tecla de acci\u00f3n.<br \/>\nDESCANSA\t\u00bfTerminaste de trabajar? Simplemente presiona la tecla de modo de pausa para obtener acceso instant\u00e1neo a Netflix, Spotify y m\u00e1s para lograr un<br \/>\nequilibrio adecuado entre el trabajo y la vida personal.<br \/>\nPersonaliza a\u00fan m\u00e1s tus teclas de acci\u00f3n y teclas FN con accesos directos como abrir instant\u00e1neamente todas tus aplicaciones de redes sociales,<br \/>\ncopiar\/pegar y m\u00e1s para hacer las cosas a tu manera.<br \/>\nESPECIFICACIONES<br \/>\nDIMENSIONES\tTeclado: 136.96 x 324.51 x 22 mm<br \/>\nMouse: 104.8 x 59.4 x 35.2 mm<br \/>\nPESO\tTeclado: 530 g con bater\u00edas<br \/>\nMouse: 81,4 g con bater\u00edas<br \/>\nTIPO DE BATERIAS\tTeclado: 2x AAA (incluidas)<br \/>\nMouse: 1 AA (incluido)<\/p>\n","protected":false},"excerpt":{"rendered":"<p>&#8211;<\/p>\n","protected":false},"featured_media":0,"template":"","meta":[],"pwb-brand":[],"product_brand":[],"product_cat":[332],"product_tag":[],"class_list":{"0":"post-31179","1":"product","2":"type-product","3":"status-publish","5":"product_cat-332","7":"first","8":"instock","9":"taxable","10":"shipping-taxable","11":"purchasable","12":"product-type-simple"},"brands":[],"_links":{"self":[{"href":"https:\/\/tmp.compunegocios.com.pe\/index.php\/wp-json\/wp\/v2\/product\/31179","targetHints":{"allow":["GET"]}}],"collection":[{"href":"https:\/\/tmp.compunegocios.com.pe\/index.php\/wp-json\/wp\/v2\/product"}],"about":[{"href":"https:\/\/tmp.compunegocios.com.pe\/index.php\/wp-json\/wp\/v2\/types\/product"}],"wp:attachment":[{"href":"https:\/\/tmp.compunegocios.com.pe\/index.php\/wp-json\/wp\/v2\/media?parent=31179"}],"wp:term":[{"taxonomy":"pwb-brand","embeddable":true,"href":"https:\/\/tmp.compunegocios.com.pe\/index.php\/wp-json\/wp\/v2\/pwb-brand?post=31179"},{"taxonomy":"product_brand","embeddable":true,"href":"https:\/\/tmp.compunegocios.com.pe\/index.php\/wp-json\/wp\/v2\/product_brand?post=31179"},{"taxonomy":"product_cat","embeddable":true,"href":"https:\/\/tmp.compunegocios.com.pe\/index.php\/wp-json\/wp\/v2\/product_cat?post=31179"},{"taxonomy":"product_tag","embeddable":true,"href":"https:\/\/tmp.compunegocios.com.pe\/index.php\/wp-json\/wp\/v2\/product_tag?post=31179"}],"curies":[{"name":"wp","href":"https:\/\/api.w.org\/{rel}","templated":true}]}}