{"id":31180,"date":"2025-08-12T01:17:25","date_gmt":"2025-08-12T01:17:25","guid":{"rendered":"https:\/\/compunegocios.com.pe\/index.php\/product\/teclado-logitech-mx-keys-mini-multi-device-bluetooth-iluminado-graphite-sp-920-010476\/"},"modified":"2025-08-19T16:40:03","modified_gmt":"2025-08-19T16:40:03","slug":"teclado-logitech-mx-keys-mini-multi-device-bluetooth-iluminado-graphite-sp-920-010476","status":"publish","type":"product","link":"https:\/\/tmp.compunegocios.com.pe\/index.php\/product\/teclado-logitech-mx-keys-mini-multi-device-bluetooth-iluminado-graphite-sp-920-010476\/","title":{"rendered":"TECLADO LOGITECH MX KEYS MINI MULTI-DEVICE BLUETOOTH ILUMINADO GRAPHITE SP (920-010476)"},"content":{"rendered":"<p>TECLADO LOGITECH MX KEYS MINI MULTI-DEVICE BT ILUMINADO GRAPHITE SP (920-010476)<br \/>\nMARCA\tLOGITECH<br \/>\nMODELO\tMX KEYS MINI<br \/>\nN\u00daMERO DE PARTE\t920-010476<br \/>\nCARACTER\u00cdSTICAS<br \/>\nM\u00e1s peque\u00f1o, m\u00e1s inteligente y m\u00e1s poderoso.<br \/>\nM\u00c1S PEQUE\u00d1O Y M\u00c1S INTELIGENTE\tUn factor de forma m\u00e1s peque\u00f1o y teclas m\u00e1s inteligentes dan como resultado una forma m\u00e1s poderosa de crear, hacer y hacer.<br \/>\nTAMA\u00d1O MINI, GRAN COMODIDAD\tTrabaje en un teclado minimalista que pone cada tecla, comando y atajo al alcance de su mano.El factor de forma minimalista alinea los hombros y le<br \/>\npermite colocar el mouse m\u00e1s cerca del teclado para alcanzar menos la mano, para una mejor postura y una ergonom\u00eda mejorada.<br \/>\nPRESENTANDO LAS NUEVAS TECLAS\tSe incluyen las teclas de: Emoji, Dictation, Mic Mute y Unmute.<br \/>\nTeclas Fn m\u00e1s inteligentes1Requiere el software Logitech Options, disponible para Windows y macOS en www.logitech.com\/options.<br \/>\nILUMINACI\u00d3N INTELIGENTE\tLos sensores de proximidad detectan sus manos, iluminando el teclado en el momento en que se acercan los dedos. Las teclas retroiluminadas se ajustan<br \/>\nautom\u00e1ticamente a las condiciones de iluminaci\u00f3n y se apagan cuando te alejas, lo que ahorra energ\u00eda para esos momentos de inspiraci\u00f3n.<br \/>\nLa intensidad de la luz de fondo se adapta autom\u00e1ticamente a las condiciones de iluminaci\u00f3n o se puede configurar manualmente.<br \/>\nCARGA R\u00c1PIDO, CON\u00c9CTATE M\u00c1S R\u00c1PIDO\tMX Keys Mini permanece encendido hasta 10 d\u00edas con una carga completa, o hasta 5 meses con la retroiluminaci\u00f3n apagada3 La duraci\u00f3n de la bater\u00eda<br \/>\npuede variar seg\u00fan el usuario y las condiciones de la computadora. Utilice el cable de carga USB-C para recargar la energ\u00eda.<br \/>\nEmpareje f\u00e1cilmente MX Keys Mini con hasta tres dispositivos a la vez a trav\u00e9s de Bluetooth Low Energy, sin necesidad de usar puertos USB.<br \/>\nDURACI\u00d3N DE LA BATER\u00cdA\t10 d\u00edas con carga completa y hasta 5 meses con luz de fondo apagada.<br \/>\nCREA EN UN FLUJO INCONS\u00daTIL\tMX Keys Mini sigue su MX Anywhere 3 o MX Master 3 habilitado para Flow de una computadora a otra, lo que significa que puede escribir en varios<br \/>\ndispositivos en un flujo de trabajo fluido.<br \/>\nTransfiera archivos, documentos e im\u00e1genes entre dispositivos y sistemas operativos macOS y Windows 4 Requiere el software Logitech Options,<br \/>\ndisponible para Windows y macOS en www.logitech.com\/options<br \/>\nESPECIFICACIONES<br \/>\nDIMENSIONES\t131.95 x 295.99 x 20.97 mm<br \/>\nPESO\t506.4 g<br \/>\nREQUERIMENTOS DE SISTEMA\tConexi\u00f3n a Internet para descarga de Software Logitech Options en macOS y Windows, dispositivo habilitado con Bluetooth Low Energy con soporte<br \/>\nde teclado. Bluetooth de baja energ\u00eda.<br \/>\nWindows 10 o posterior, macOS 10.15 o posterior, Chrome OS Linux, iOS 13.4 o posterior, iPadOS 14 o posterior y Android 5.0 o posterior 9.<br \/>\nCOMPATIBILIDAD\tCompatible con receptor USB Logi Bolt (no incluido)Los productos inal\u00e1mbricos Logi Bolt no se emparejar\u00e1n con otros receptores USB Logitech.<br \/>\nALCANCE INAL\u00c1MBRICO\t10 M, seg\u00fan entorno operativo.<br \/>\nILUMINACI\u00d3N\tSensores de proximidad de mano que encienden la retroiluminaci\u00f3nSensores de luz ambiental que a<\/p>\n","protected":false},"excerpt":{"rendered":"<p>&#8211;<\/p>\n","protected":false},"featured_media":0,"template":"","meta":[],"pwb-brand":[],"product_brand":[],"product_cat":[188],"product_tag":[],"class_list":{"0":"post-31180","1":"product","2":"type-product","3":"status-publish","5":"product_cat-188","7":"first","8":"instock","9":"taxable","10":"shipping-taxable","11":"purchasable","12":"product-type-simple"},"brands":[],"_links":{"self":[{"href":"https:\/\/tmp.compunegocios.com.pe\/index.php\/wp-json\/wp\/v2\/product\/31180","targetHints":{"allow":["GET"]}}],"collection":[{"href":"https:\/\/tmp.compunegocios.com.pe\/index.php\/wp-json\/wp\/v2\/product"}],"about":[{"href":"https:\/\/tmp.compunegocios.com.pe\/index.php\/wp-json\/wp\/v2\/types\/product"}],"wp:attachment":[{"href":"https:\/\/tmp.compunegocios.com.pe\/index.php\/wp-json\/wp\/v2\/media?parent=31180"}],"wp:term":[{"taxonomy":"pwb-brand","embeddable":true,"href":"https:\/\/tmp.compunegocios.com.pe\/index.php\/wp-json\/wp\/v2\/pwb-brand?post=31180"},{"taxonomy":"product_brand","embeddable":true,"href":"https:\/\/tmp.compunegocios.com.pe\/index.php\/wp-json\/wp\/v2\/product_brand?post=31180"},{"taxonomy":"product_cat","embeddable":true,"href":"https:\/\/tmp.compunegocios.com.pe\/index.php\/wp-json\/wp\/v2\/product_cat?post=31180"},{"taxonomy":"product_tag","embeddable":true,"href":"https:\/\/tmp.compunegocios.com.pe\/index.php\/wp-json\/wp\/v2\/product_tag?post=31180"}],"curies":[{"name":"wp","href":"https:\/\/api.w.org\/{rel}","templated":true}]}}