{"id":31186,"date":"2025-08-12T17:47:55","date_gmt":"2025-08-12T17:47:55","guid":{"rendered":"https:\/\/compunegocios.com.pe\/index.php\/product\/teclado-gamer-antryx-mk840l-black-gray-rainbow-switch-red-mecanico-wired-usb\/"},"modified":"2025-10-02T22:45:54","modified_gmt":"2025-10-02T22:45:54","slug":"teclado-gamer-antryx-mk840l-black-gray-rainbow-switch-red-mecanico-wired-usb","status":"publish","type":"product","link":"https:\/\/tmp.compunegocios.com.pe\/index.php\/product\/teclado-gamer-antryx-mk840l-black-gray-rainbow-switch-red-mecanico-wired-usb\/","title":{"rendered":"TECLADO GAMER ANTRYX MK840L BLACK GRAY RAINBOW SWITCH RED MECANICO WIRED USB"},"content":{"rendered":"<p>TECLADO GAMER ANTRYX MK840L BLACK GRAY RAINBOW SWITCH RED MECANICO WIRED USB<br \/>\n(PN:AMK-CS840LKGRER1-SP)<br \/>\nFactor de forma TKL, tama\u00f1o compacto manteniendo la funcionalidad.<br \/>\nRetroiluminaci\u00f3n y luz de teclas en color RGB Rainbow.<br \/>\n9 efectos de iluminaci\u00f3n preestablecidos, el usuario puede ajustar el brillo de la luz de fondo, la velocidad de respiraci\u00f3n, la direcci\u00f3n de la luz de fondo y otros efectos de iluminaci\u00f3n.<br \/>\n10 zonas de iluminaci\u00f3n de g\u00e9nero de juego configurables, asigna qu\u00e9 teclas quieres iluminar, ideal para: (MOBA, FPS, CF, COD, RTS, LOL, Racing, NBA).<br \/>\nIluminaci\u00f3n de 7 colores y 3 efectos en la barra frontal<br \/>\nInterruptor mec\u00e1nico Outemu para una mayor capacidad de respuesta, sonido de clic audible y retroalimentaci\u00f3n t\u00e1ctil n\u00edtida y precisa para el mejor rendimiento de juego<br \/>\nTodas las teclas con tecnolog\u00eda Anti-Ghosting, cada pulsaci\u00f3n de tecla se detecta correctamente<br \/>\nLas teclas moldeadas por inyecci\u00f3n de doble disparo ofrecen una retroiluminaci\u00f3n clara y uniforme y letras que no se rayan<br \/>\n12 funciones multimedia y de oficina<br \/>\nTIEMPOS DE VIDA DE LAS LLAVES: 50 000 000 (50 Millones)<br \/>\nLLAVES: 88<br \/>\nLONGITUD DEL CABLE: 1,8M<br \/>\nPESO: 652GR<br \/>\nTAMA\u00d1O: 364x134x34MM<br \/>\nINTERFAZ: USB<br \/>\nCompatible con Windows: XP\/VISTA\/7\/8\/10\/11<\/p>\n","protected":false},"excerpt":{"rendered":"<p>&#8211;<\/p>\n","protected":false},"featured_media":0,"template":"","meta":[],"pwb-brand":[],"product_brand":[],"product_cat":[187],"product_tag":[],"class_list":{"0":"post-31186","1":"product","2":"type-product","3":"status-publish","5":"product_cat-187","7":"first","8":"instock","9":"taxable","10":"shipping-taxable","11":"purchasable","12":"product-type-simple"},"brands":[],"_links":{"self":[{"href":"https:\/\/tmp.compunegocios.com.pe\/index.php\/wp-json\/wp\/v2\/product\/31186","targetHints":{"allow":["GET"]}}],"collection":[{"href":"https:\/\/tmp.compunegocios.com.pe\/index.php\/wp-json\/wp\/v2\/product"}],"about":[{"href":"https:\/\/tmp.compunegocios.com.pe\/index.php\/wp-json\/wp\/v2\/types\/product"}],"wp:attachment":[{"href":"https:\/\/tmp.compunegocios.com.pe\/index.php\/wp-json\/wp\/v2\/media?parent=31186"}],"wp:term":[{"taxonomy":"pwb-brand","embeddable":true,"href":"https:\/\/tmp.compunegocios.com.pe\/index.php\/wp-json\/wp\/v2\/pwb-brand?post=31186"},{"taxonomy":"product_brand","embeddable":true,"href":"https:\/\/tmp.compunegocios.com.pe\/index.php\/wp-json\/wp\/v2\/product_brand?post=31186"},{"taxonomy":"product_cat","embeddable":true,"href":"https:\/\/tmp.compunegocios.com.pe\/index.php\/wp-json\/wp\/v2\/product_cat?post=31186"},{"taxonomy":"product_tag","embeddable":true,"href":"https:\/\/tmp.compunegocios.com.pe\/index.php\/wp-json\/wp\/v2\/product_tag?post=31186"}],"curies":[{"name":"wp","href":"https:\/\/api.w.org\/{rel}","templated":true}]}}