{"id":31194,"date":"2025-08-13T16:28:51","date_gmt":"2025-08-13T16:28:51","guid":{"rendered":"https:\/\/compunegocios.com.pe\/index.php\/product\/mouse-logitech-g502-x-hero-usb-25k-dpi-lightforce-white-910-006144\/"},"modified":"2025-08-19T16:40:14","modified_gmt":"2025-08-19T16:40:14","slug":"mouse-logitech-g502-x-hero-usb-25k-dpi-lightforce-white-910-006144","status":"publish","type":"product","link":"https:\/\/tmp.compunegocios.com.pe\/index.php\/product\/mouse-logitech-g502-x-hero-usb-25k-dpi-lightforce-white-910-006144\/","title":{"rendered":"MOUSE LOGITECH G502 X HERO USB 25K DPI LIGHTFORCE WHITE (910-006144)"},"content":{"rendered":"<p>MOUSE LOGITECH G502 X HERO USB 25K DPI LIGHTFORCE WHITE (910-006144)<br \/>\nMARCA\tLOGITECH G<br \/>\nMODELO\tG502 X<br \/>\nN\u00daMERO DE PARTE\t910-006144<br \/>\nCARACTER\u00cdSTICAS<br \/>\nRedise\u00f1ado para ofrecer una impresionante reducci\u00f3n de peso, con tan s\u00f3lo 89 gramos Con nuestros primer\u00edsimos interruptores LIGHTFORCE h\u00edbridos<br \/>\n\u00f3ptico-mec\u00e1nicos y un sensor HERO 25K por debajo del micr\u00f3n.<br \/>\nINTERRUPTORES LIGHTFORCE\tLos revolucionarios interruptores h\u00edbridos \u00f3ptico-mec\u00e1nicos ofrecen velocidad y confiabilidad superiores mediante actuaci\u00f3n \u00f3ptica. Y la actuaci\u00f3n<br \/>\nmec\u00e1nica mantiene la sensaci\u00f3n de respuesta t\u00e1ctil bien definida que quieren los jugadores.<br \/>\nSENSOR HERO 25K\tNuestro sensor para juegos m\u00e1s avanzado logra precisi\u00f3n submicr\u00f3nica sin suavizado, aceleraci\u00f3n ni filtros. Con seguimiento superior y consumo de<br \/>\nenerg\u00eda inteligente, HERO 25K ofrece un desempe\u00f1o, una eficiencia energ\u00e9tica y una precisi\u00f3n sin igual.<br \/>\nBOT\u00d3N DE CAMBIO DE DPI\tHemos redise\u00f1ado el bot\u00f3n de cambio de dpi para permitirte elegir la configuraci\u00f3n adecuada para tu estilo de sujeci\u00f3n y juego. Lo puedes sacar y<br \/>\nrecolocar para acercarlo al pulgar. O puedes ponerle la cubierta incluida.<br \/>\nPESO REDUCIDO\tEl ic\u00f3nico dise\u00f1o del G502 incluye una impresionante reducci\u00f3n de peso, con tan s\u00f3lo 89 gramos, gracias al fino exoesqueleto con un m\u00ednimo de material<br \/>\ny la m\u00e1xima rigidez, un bot\u00f3n rueda aligerado, etc.<br \/>\nBOT\u00d3N RUEDA CON DOS MODOS\tGira libremente en modo hiperr\u00e1pido el bot\u00f3n rueda aligerado. Cambia con un click al modo gradual para un desplazamiento m\u00e1s preciso. Incl\u00ednalo a la<br \/>\nizquierda o la derecha para usar dos controles adicionales, totalmente programables.<br \/>\nESPECIFICACIONES<br \/>\nMEMORIA INTEGRADA\t5 perfiles.<br \/>\nDIMENSIONES\t131,4 x 41,1 x 79,2 mm<br \/>\nPESO\t89 g<br \/>\nRESOLUCI\u00d3N\t100 &#8211; 25.600 dpi<br \/>\nACELERACI\u00d3N M\u00c1XIMA\t&gt;40G2<br \/>\nVELOCIDAD M\u00c1XIMA\t&gt;400 IPS2<br \/>\nCOMPATIBILIDAD\tPuerto USB, Acceso a Internet para descarga de software opcional.<br \/>\nWindows 10 o posterior, macOS 10.14 o posterior.<\/p>\n","protected":false},"excerpt":{"rendered":"<p>&#8211;<\/p>\n","protected":false},"featured_media":0,"template":"","meta":[],"pwb-brand":[],"product_brand":[],"product_cat":[194],"product_tag":[],"class_list":{"0":"post-31194","1":"product","2":"type-product","3":"status-publish","5":"product_cat-194","7":"first","8":"instock","9":"taxable","10":"shipping-taxable","11":"purchasable","12":"product-type-simple"},"brands":[],"_links":{"self":[{"href":"https:\/\/tmp.compunegocios.com.pe\/index.php\/wp-json\/wp\/v2\/product\/31194","targetHints":{"allow":["GET"]}}],"collection":[{"href":"https:\/\/tmp.compunegocios.com.pe\/index.php\/wp-json\/wp\/v2\/product"}],"about":[{"href":"https:\/\/tmp.compunegocios.com.pe\/index.php\/wp-json\/wp\/v2\/types\/product"}],"wp:attachment":[{"href":"https:\/\/tmp.compunegocios.com.pe\/index.php\/wp-json\/wp\/v2\/media?parent=31194"}],"wp:term":[{"taxonomy":"pwb-brand","embeddable":true,"href":"https:\/\/tmp.compunegocios.com.pe\/index.php\/wp-json\/wp\/v2\/pwb-brand?post=31194"},{"taxonomy":"product_brand","embeddable":true,"href":"https:\/\/tmp.compunegocios.com.pe\/index.php\/wp-json\/wp\/v2\/product_brand?post=31194"},{"taxonomy":"product_cat","embeddable":true,"href":"https:\/\/tmp.compunegocios.com.pe\/index.php\/wp-json\/wp\/v2\/product_cat?post=31194"},{"taxonomy":"product_tag","embeddable":true,"href":"https:\/\/tmp.compunegocios.com.pe\/index.php\/wp-json\/wp\/v2\/product_tag?post=31194"}],"curies":[{"name":"wp","href":"https:\/\/api.w.org\/{rel}","templated":true}]}}