{"id":31198,"date":"2025-08-21T17:19:59","date_gmt":"2025-08-21T17:19:59","guid":{"rendered":"https:\/\/compunegocios.com.pe\/index.php\/product\/audifono-inalambrico-anc-teros-te-8033wp-headset-blanco\/"},"modified":"2025-09-16T00:44:06","modified_gmt":"2025-09-16T00:44:06","slug":"audifono-inalambrico-anc-teros-te-8033wp-headset-blanco","status":"publish","type":"product","link":"https:\/\/tmp.compunegocios.com.pe\/index.php\/product\/audifono-inalambrico-anc-teros-te-8033wp-headset-blanco\/","title":{"rendered":"Aud\u00edfono inal\u00e1mbrico ANC TEROS TE-8033WP (Headset), blanco"},"content":{"rendered":"<p>Aud\u00edfono inal\u00e1mbrico ANC TEROS TE-8033WP (Headset), blanco<br \/>\nDISPOSITIVO\tAURICULARES INAL\u00c1MBRICOS<br \/>\nMARCA\tTEROS<br \/>\nMODELO\tTE-8033WP<br \/>\nAURICULARES\tFRECUENCIA\t20 HZ &#8211; 20 KHZ<br \/>\nIMPEDANCIA\t32 OHMIOS<br \/>\nSENSIBILIDAD\t103 DB +3 DB<br \/>\nAltavoz 40 MM<br \/>\nMICROFONO\tSENSIBILIDAD\t-42 DB \u00b1 3 DB<br \/>\nFRECUENCIA\t100 HZ &#8211; 10 KHZ<br \/>\nOMNIDIRECCIONAL<br \/>\nCOLOR\tBLANCO \/ ORO ROSA<br \/>\nINTERFAZ\tA TRAVES DE UN DISPOSITIVO BLUETOOTH<br \/>\nBLUETOOTH\tVERSION\t5.3<br \/>\nBATERIA\tINTERNA<br \/>\nTIPO:\tPOL\u00cdMERO DE LITIO<br \/>\nTIEMPO DE RECARGA\t2 HORAS<br \/>\n500 MAH<br \/>\nVOLTAJE DE ALIMENTACION\tA TRAVES DE UN ADAPATADOR DC\t5 V USB &#8211; C<br \/>\nPRESENTACION\tCAJA<br \/>\nCONTENIDO\tINCLUYE ESTUCHE<br \/>\nCOMENTARIO\tCANCELACI\u00d3N DE RUIDO H\u00cdBRIDO DIGITAL: 30 \u2013 35 DB<br \/>\n3 MODOS ANC ACTIVADO \/ APAGADO \/ TRANSPARENCIA.<br \/>\n32 HORAS CON CANCELACI\u00d3N DE RUIDO ACTIVADA.<br \/>\n45 HORAS CON CANCELACI\u00d3N DE RUIDO DESACTIVADA.<\/p>\n","protected":false},"excerpt":{"rendered":"<p>&#8211;<\/p>\n","protected":false},"featured_media":0,"template":"","meta":[],"pwb-brand":[],"product_brand":[],"product_cat":[158],"product_tag":[],"class_list":{"0":"post-31198","1":"product","2":"type-product","3":"status-publish","5":"product_cat-158","7":"first","8":"instock","9":"taxable","10":"shipping-taxable","11":"purchasable","12":"product-type-simple"},"brands":[],"_links":{"self":[{"href":"https:\/\/tmp.compunegocios.com.pe\/index.php\/wp-json\/wp\/v2\/product\/31198","targetHints":{"allow":["GET"]}}],"collection":[{"href":"https:\/\/tmp.compunegocios.com.pe\/index.php\/wp-json\/wp\/v2\/product"}],"about":[{"href":"https:\/\/tmp.compunegocios.com.pe\/index.php\/wp-json\/wp\/v2\/types\/product"}],"wp:attachment":[{"href":"https:\/\/tmp.compunegocios.com.pe\/index.php\/wp-json\/wp\/v2\/media?parent=31198"}],"wp:term":[{"taxonomy":"pwb-brand","embeddable":true,"href":"https:\/\/tmp.compunegocios.com.pe\/index.php\/wp-json\/wp\/v2\/pwb-brand?post=31198"},{"taxonomy":"product_brand","embeddable":true,"href":"https:\/\/tmp.compunegocios.com.pe\/index.php\/wp-json\/wp\/v2\/product_brand?post=31198"},{"taxonomy":"product_cat","embeddable":true,"href":"https:\/\/tmp.compunegocios.com.pe\/index.php\/wp-json\/wp\/v2\/product_cat?post=31198"},{"taxonomy":"product_tag","embeddable":true,"href":"https:\/\/tmp.compunegocios.com.pe\/index.php\/wp-json\/wp\/v2\/product_tag?post=31198"}],"curies":[{"name":"wp","href":"https:\/\/api.w.org\/{rel}","templated":true}]}}