{"id":31200,"date":"2025-09-02T15:54:58","date_gmt":"2025-09-02T15:54:58","guid":{"rendered":"https:\/\/compunegocios.com.pe\/index.php\/product\/impresora-epson-multifuncional-l4360-wifi-duplex\/"},"modified":"2025-09-30T21:52:13","modified_gmt":"2025-09-30T21:52:13","slug":"impresora-epson-multifuncional-l4360-wifi-duplex","status":"publish","type":"product","link":"https:\/\/tmp.compunegocios.com.pe\/index.php\/product\/impresora-epson-multifuncional-l4360-wifi-duplex\/","title":{"rendered":"IMPRESORA EPSON MULTIFUNCIONAL L4360 WIFI DUPLEX"},"content":{"rendered":"<p>IMPRESORA EPSON MULTIFUNCIONAL L4360 WIFI DUPLEX<br \/>\nSKU: \tC11CL41301<br \/>\nConsumo el\u00e9ctrico: \t13 W<br \/>\nDimensiones: \t37.5 x 34.7 x 18.7 cm<br \/>\nPeso: \t5.2 kg<br \/>\nColor: \tNegro<br \/>\nGarant\u00eda: 12 meses o 25.000 p\u00e1ginas (lo que ocurra primero) + 12 meses adicionales con registro o hasta 50.000 p\u00e1ginas (lo que ocurra primero)<br \/>\nTecnolog\u00eda de la impresi\u00f3n: \tInyecci\u00f3n de tinta<br \/>\nTipo de impresora: \tImpresora<br \/>\nL\u00ednea: \tEcoTank<br \/>\nFunciones: \tIMPRIME | COPIA | ESCANEA | WI-FI<br \/>\nM\u00e9todo de impresi\u00f3n doble faz: \tSi<br \/>\nVelocidad m\u00e1xima de impresi\u00f3n en blanco y negro: 33 ppm<br \/>\nConectividad inal\u00e1mbrica: Wi-Fi<br \/>\nDisplay_displaytype: 1.44&#8243; a color<br \/>\nResoluci\u00f3n m\u00e1xima de impresi\u00f3n: \t1.200 dpi<\/p>\n","protected":false},"excerpt":{"rendered":"<p>&#8211;<\/p>\n","protected":false},"featured_media":0,"template":"","meta":[],"pwb-brand":[],"product_brand":[],"product_cat":[205],"product_tag":[],"class_list":{"0":"post-31200","1":"product","2":"type-product","3":"status-publish","5":"product_cat-205","7":"first","8":"instock","9":"taxable","10":"shipping-taxable","11":"purchasable","12":"product-type-simple"},"brands":[],"_links":{"self":[{"href":"https:\/\/tmp.compunegocios.com.pe\/index.php\/wp-json\/wp\/v2\/product\/31200","targetHints":{"allow":["GET"]}}],"collection":[{"href":"https:\/\/tmp.compunegocios.com.pe\/index.php\/wp-json\/wp\/v2\/product"}],"about":[{"href":"https:\/\/tmp.compunegocios.com.pe\/index.php\/wp-json\/wp\/v2\/types\/product"}],"wp:attachment":[{"href":"https:\/\/tmp.compunegocios.com.pe\/index.php\/wp-json\/wp\/v2\/media?parent=31200"}],"wp:term":[{"taxonomy":"pwb-brand","embeddable":true,"href":"https:\/\/tmp.compunegocios.com.pe\/index.php\/wp-json\/wp\/v2\/pwb-brand?post=31200"},{"taxonomy":"product_brand","embeddable":true,"href":"https:\/\/tmp.compunegocios.com.pe\/index.php\/wp-json\/wp\/v2\/product_brand?post=31200"},{"taxonomy":"product_cat","embeddable":true,"href":"https:\/\/tmp.compunegocios.com.pe\/index.php\/wp-json\/wp\/v2\/product_cat?post=31200"},{"taxonomy":"product_tag","embeddable":true,"href":"https:\/\/tmp.compunegocios.com.pe\/index.php\/wp-json\/wp\/v2\/product_tag?post=31200"}],"curies":[{"name":"wp","href":"https:\/\/api.w.org\/{rel}","templated":true}]}}