{"id":31202,"date":"2025-09-02T16:20:12","date_gmt":"2025-09-02T16:20:12","guid":{"rendered":"https:\/\/compunegocios.com.pe\/index.php\/product\/silla-gaming-xtech-c-respaldo-alto-spiderman-max-120kg-black-red-xtf-mc100sm\/"},"modified":"2025-09-02T16:20:21","modified_gmt":"2025-09-02T16:20:21","slug":"silla-gaming-xtech-c-respaldo-alto-spiderman-max-120kg-black-red-xtf-mc100sm","status":"publish","type":"product","link":"https:\/\/tmp.compunegocios.com.pe\/index.php\/product\/silla-gaming-xtech-c-respaldo-alto-spiderman-max-120kg-black-red-xtf-mc100sm\/","title":{"rendered":"SILLA GAMING XTECH C\/RESPALDO ALTO SPIDERMAN MAX.120KG BLACK\/RED (XTF-MC100SM)"},"content":{"rendered":"<p>MARCA\tXTECH<br \/>\nMODELO\tSILLA GAMING SPIDER-MAN MILES MORALES<br \/>\nNUMERO DE PARTE\tXTF-MC100SM<br \/>\nCARACTERISTICAS<br \/>\n&#8211; Reposabrazos acolchados brindan soporte continuo durante largas sesiones de juego<br \/>\n&#8211; La silla se fija en posici\u00f3n recta para ofrecer soporte firme al cuerpo<br \/>\n&#8211; Base de metal negra de 5 puntas con ruedas giratorias de nylon que se mueven sin esfuerzo<br \/>\n&#8211; Fabricada con materiales PU y PVC de alta calidad que producen una silla suave y durable<br \/>\n&#8211; Cilindro neum\u00e1tico de gas proporciona estabilidad y soporta hasta 120kg<br \/>\n&#8211; Dise\u00f1o innovador para a\u00f1adir a tu colecci\u00f3n de Marvel<br \/>\nESPECIFICACIONES<br \/>\nDIMENSIONES\tLargo: 62,4cm, ancho: 65,5cm, altura m\u00ednima: 113cm, altura m\u00e1xima: 123cm<br \/>\nCAPACIDAD DE CARGA MAXIMA\t120 Kg<br \/>\nCOLOR\tNegro y rojo<br \/>\nPESO\t12.2 Kg<\/p>\n","protected":false},"excerpt":{"rendered":"<p>&#8211;<\/p>\n","protected":false},"featured_media":0,"template":"","meta":[],"pwb-brand":[],"product_brand":[],"product_cat":[247],"product_tag":[],"class_list":{"0":"post-31202","1":"product","2":"type-product","3":"status-publish","5":"product_cat-247","7":"first","8":"instock","9":"taxable","10":"shipping-taxable","11":"purchasable","12":"product-type-simple"},"brands":[],"_links":{"self":[{"href":"https:\/\/tmp.compunegocios.com.pe\/index.php\/wp-json\/wp\/v2\/product\/31202","targetHints":{"allow":["GET"]}}],"collection":[{"href":"https:\/\/tmp.compunegocios.com.pe\/index.php\/wp-json\/wp\/v2\/product"}],"about":[{"href":"https:\/\/tmp.compunegocios.com.pe\/index.php\/wp-json\/wp\/v2\/types\/product"}],"wp:attachment":[{"href":"https:\/\/tmp.compunegocios.com.pe\/index.php\/wp-json\/wp\/v2\/media?parent=31202"}],"wp:term":[{"taxonomy":"pwb-brand","embeddable":true,"href":"https:\/\/tmp.compunegocios.com.pe\/index.php\/wp-json\/wp\/v2\/pwb-brand?post=31202"},{"taxonomy":"product_brand","embeddable":true,"href":"https:\/\/tmp.compunegocios.com.pe\/index.php\/wp-json\/wp\/v2\/product_brand?post=31202"},{"taxonomy":"product_cat","embeddable":true,"href":"https:\/\/tmp.compunegocios.com.pe\/index.php\/wp-json\/wp\/v2\/product_cat?post=31202"},{"taxonomy":"product_tag","embeddable":true,"href":"https:\/\/tmp.compunegocios.com.pe\/index.php\/wp-json\/wp\/v2\/product_tag?post=31202"}],"curies":[{"name":"wp","href":"https:\/\/api.w.org\/{rel}","templated":true}]}}