{"id":31211,"date":"2025-09-15T23:03:34","date_gmt":"2025-09-15T23:03:34","guid":{"rendered":"https:\/\/compunegocios.com.pe\/index.php\/product\/mouse-logitech-mx-master-3s-wireless-bluetooth-8k-usb-c-graphite-910-006561\/"},"modified":"2025-10-01T21:25:04","modified_gmt":"2025-10-01T21:25:04","slug":"mouse-logitech-mx-master-3s-wireless-bluetooth-8k-usb-c-graphite-910-006561","status":"publish","type":"product","link":"https:\/\/tmp.compunegocios.com.pe\/index.php\/product\/mouse-logitech-mx-master-3s-wireless-bluetooth-8k-usb-c-graphite-910-006561\/","title":{"rendered":"MOUSE LOGITECH MX MASTER 3S WIRELESS\/BLUETOOTH 8K USB-C GRAPHITE (910-006561)"},"content":{"rendered":"<p>MARCA\tLOGITECH<br \/>\nMODELO\tMX MASTER 3S<br \/>\nN\u00daMERO DE PARTE\t910-006561<br \/>\nCARACTER\u00cdSTICAS<br \/>\nSiente cada momento de tu flujo de trabajo con m\u00e1s precisi\u00f3n, sensaci\u00f3n t\u00e1ctil y desempe\u00f1o, gracias a los clicks silenciosos y un sensor de<br \/>\nseguimiento sobre cristal de 8.000 dpi.<br \/>\nM\u00c1S SILENCIOSO\tCon clicks silenciosos: crea y haz todo tipo de cosas con la misma sensaci\u00f3n de click, pero con menos ruido. Los clicks silenciosos ofrecen una<br \/>\nensaci\u00f3n t\u00e1ctil satisfactoria y producen un 90% menos de ruido.<br \/>\nBOT\u00d3N RUEDA SmartShift\tElectromagn\u00e9tico MagSpeed sumamente discreto, se obtiene una experiencia de alto desempe\u00f1o sin distracciones.<br \/>\n8000 DPI\tEst\u00e1 equipado con nuestro sensor m\u00e1s preciso hasta la fecha, con precisi\u00f3n y capacidad de respuesta de pr\u00f3xima generaci\u00f3n.<br \/>\nEl sensor \u00f3ptico de 8.000 dpi hace seguimiento casi en cualquier superficie, incluso sobre cristal . . Puedes ajustar la sensibilidad de seguimiento<br \/>\nen Logi Options+ y establecer el nivel adecuado seg\u00fan tu flujo de trabajo y la resoluci\u00f3n del monitor.<br \/>\nDESPLAZAMIENTO A 1000 L\u00cdNEAS POR SEG.\tEl desplazamiento electromagn\u00e9tico MagSpeed es suficientemente preciso como para detenerse en un p\u00edxel y suficientemente r\u00e1pido como para desplazarse<br \/>\npor 1.000 l\u00edneas por segundo. Ah, y es pr\u00e1cticamente silencioso. El acero mecanizado del bot\u00f3n rueda le da esa sensaci\u00f3n t\u00e1ctil premium y el peso<br \/>\nsuficiente para ofrecer inercia din\u00e1mica que se siente pero que no se escucha.<br \/>\nFUNCIONES OPTIMIZADAS\tTrabaja alternando entre dispositivos y sistemas operativos, personaliza botones individuales, define personalizaciones espec\u00edficas de aplicaciones,<br \/>\noptimiza casi todas las acciones de tu flujo de trabajo y configura la velocidad de seguimiento en Logi Options+.<br \/>\nCARGA R\u00c1PIDA\tMX Master 3S funciona hasta 70 d\u00edas con una carga completa, y permite tres horas de uso con un minuto de carga r\u00e1pida. Es compatible con la mayor\u00eda de<br \/>\nsistemas operativos inmediatamente como Windows, macOS, Chrome OS o Linux. El mouse se empareja al instante con hasta tres dispositivos por Bluetooth<br \/>\ne bajo consumo o el receptor USB Logi Bolt incluido.<br \/>\nCONFORT PROLONGADO\tTrabaja confortablemente con una silueta ergon\u00f3mica dise\u00f1ada para soportar la palma y los dedos. Las superficies texturizadas proporcionan un agarre<br \/>\nseguro para un control total. El exclusivo \u00e1ngulo de inclinaci\u00f3n de MX Master 3S coloca el brazo en una postura m\u00e1s natural, para un mayor confort.<br \/>\nLos controles para el pulgar est\u00e1n colocados de forma id\u00f3nea para un acceso r\u00e1pido e intuitivo, y una navegaci\u00f3n r\u00e1pida. El bot\u00f3n rueda de<br \/>\ndesplazamiento lateral sigue el movimiento natural del pulgar, para una navegaci\u00f3n horizontal fluida e intuitiva.<br \/>\nESPECIFICACIONES<br \/>\nSENSOR\tAlta precisi\u00f3n Darkfield<br \/>\nVALOR NOMINAL\t1.000 dpi<br \/>\nDPI\t200-8000 dpi (ajustable en incrementos de 50 dpi).<br \/>\nBOTONES\t7 botones (click izquierdo\/derecho, avance\/retroceso, conmutador de aplicaci\u00f3n, cambio de modo de bot\u00f3n rueda, click con el bot\u00f3n central).<br \/>\nRANGO DE ACCI\u00d3N INAL\u00c1MBRICO\t10 m<br \/>\nTECNOLOG\u00cdA INAL\u00c1MBRICA\tTecnolog\u00eda inal\u00e1mbrica avanzada de 2<\/p>\n","protected":false},"excerpt":{"rendered":"<p>&#8211;<\/p>\n","protected":false},"featured_media":0,"template":"","meta":[],"pwb-brand":[],"product_brand":[],"product_cat":[194],"product_tag":[],"class_list":{"0":"post-31211","1":"product","2":"type-product","3":"status-publish","5":"product_cat-194","7":"first","8":"outofstock","9":"taxable","10":"shipping-taxable","11":"purchasable","12":"product-type-simple"},"brands":[],"_links":{"self":[{"href":"https:\/\/tmp.compunegocios.com.pe\/index.php\/wp-json\/wp\/v2\/product\/31211","targetHints":{"allow":["GET"]}}],"collection":[{"href":"https:\/\/tmp.compunegocios.com.pe\/index.php\/wp-json\/wp\/v2\/product"}],"about":[{"href":"https:\/\/tmp.compunegocios.com.pe\/index.php\/wp-json\/wp\/v2\/types\/product"}],"wp:attachment":[{"href":"https:\/\/tmp.compunegocios.com.pe\/index.php\/wp-json\/wp\/v2\/media?parent=31211"}],"wp:term":[{"taxonomy":"pwb-brand","embeddable":true,"href":"https:\/\/tmp.compunegocios.com.pe\/index.php\/wp-json\/wp\/v2\/pwb-brand?post=31211"},{"taxonomy":"product_brand","embeddable":true,"href":"https:\/\/tmp.compunegocios.com.pe\/index.php\/wp-json\/wp\/v2\/product_brand?post=31211"},{"taxonomy":"product_cat","embeddable":true,"href":"https:\/\/tmp.compunegocios.com.pe\/index.php\/wp-json\/wp\/v2\/product_cat?post=31211"},{"taxonomy":"product_tag","embeddable":true,"href":"https:\/\/tmp.compunegocios.com.pe\/index.php\/wp-json\/wp\/v2\/product_tag?post=31211"}],"curies":[{"name":"wp","href":"https:\/\/api.w.org\/{rel}","templated":true}]}}