{"id":31213,"date":"2025-09-15T23:24:21","date_gmt":"2025-09-15T23:24:21","guid":{"rendered":"https:\/\/compunegocios.com.pe\/index.php\/product\/cooler-refrigeracion-liquida-cooler-master-masterliquid-360-atmos-argb-white\/"},"modified":"2025-09-15T23:24:26","modified_gmt":"2025-09-15T23:24:26","slug":"cooler-refrigeracion-liquida-cooler-master-masterliquid-360-atmos-argb-white","status":"publish","type":"product","link":"https:\/\/tmp.compunegocios.com.pe\/index.php\/product\/cooler-refrigeracion-liquida-cooler-master-masterliquid-360-atmos-argb-white\/","title":{"rendered":"COOLER REFRIGERACI\u00d3N L\u00cdQUIDA COOLER MASTER MASTERLIQUID 360 ATMOS ARGB WHITE"},"content":{"rendered":"<p>COOLER REFRIGERACI\u00d3N L\u00cdQUIDA COOLER MASTER MASTERLIQUID 360 ATMOS ARGB WHITE<br \/>\nN\u00famero de producto:MLX-D36M-A25PZ-RW<br \/>\nColor exterior:Blanco<br \/>\nZ\u00f3calo de CPU:Z\u00f3calo Intel\u00ae LGA 1851\/1700\/1200\/1151\/1150\/1155\/1156<br \/>\nZ\u00f3calo de CPU:Z\u00f3calo AMD\u00ae AM5 \/ AM4<br \/>\nMaterial del radiador:Aluminio<br \/>\nDimensiones del radiador:394 x 119,6 x 27,2 mm \/ 15,5 x 4,7 x 1,1 pulgadas<br \/>\nDimensiones de la bomba:84,9 x 81 x 53,15 mm \/ 3,3 x 3,2 x 2,1 pulgadas<br \/>\nTiempo medio de transferencia de la bomba:&gt;210.000 horas<br \/>\nNivel de ruido de la bomba:12 dBA (m\u00e1x.)<br \/>\nConector de bomba:4 pines<br \/>\nVoltaje nominal de la bomba:12 VCC<br \/>\nConsumo de energ\u00eda de la bomba:3,84 W<br \/>\nDimensiones (largo x ancho x alto):120 x 120 x 25 mm \/ 4,7 x 4,7 x 1 pulgada<br \/>\nCantidad de fans:3 piezas<br \/>\nTipo de LED del ventilador: ARGB<br \/>\nVelocidad del ventilador:690-2500 RPM \u00b1 10%<br \/>\nFlujo de aire del ventilador:70,7 CFM (m\u00e1x.)<br \/>\nNivel de ruido del ventilador:27,2 dBA (m\u00e1x.)<br \/>\nPresi\u00f3n del ventilador:3,61 mmH\u2082O (m\u00e1x.)<br \/>\nTipo de cojinete del ventilador<br \/>\nMTTF del ventilador<br \/>\n&gt;160.000 horas<br \/>\nConector de alimentaci\u00f3n del ventilador:4 pines (PWM)<br \/>\nVoltaje nominal del ventilador:12 VCC<br \/>\nCorriente nominal del ventilador:0,2 A<br \/>\nCorriente de seguridad del ventilador:0,3 A<br \/>\nLiquidaci\u00f3n de RAM:N \/ A<\/p>\n","protected":false},"excerpt":{"rendered":"<p>&#8211;<\/p>\n","protected":false},"featured_media":0,"template":"","meta":[],"pwb-brand":[],"product_brand":[],"product_cat":[107],"product_tag":[],"class_list":{"0":"post-31213","1":"product","2":"type-product","3":"status-publish","5":"product_cat-107","7":"first","8":"instock","9":"taxable","10":"shipping-taxable","11":"purchasable","12":"product-type-simple"},"brands":[],"_links":{"self":[{"href":"https:\/\/tmp.compunegocios.com.pe\/index.php\/wp-json\/wp\/v2\/product\/31213","targetHints":{"allow":["GET"]}}],"collection":[{"href":"https:\/\/tmp.compunegocios.com.pe\/index.php\/wp-json\/wp\/v2\/product"}],"about":[{"href":"https:\/\/tmp.compunegocios.com.pe\/index.php\/wp-json\/wp\/v2\/types\/product"}],"wp:attachment":[{"href":"https:\/\/tmp.compunegocios.com.pe\/index.php\/wp-json\/wp\/v2\/media?parent=31213"}],"wp:term":[{"taxonomy":"pwb-brand","embeddable":true,"href":"https:\/\/tmp.compunegocios.com.pe\/index.php\/wp-json\/wp\/v2\/pwb-brand?post=31213"},{"taxonomy":"product_brand","embeddable":true,"href":"https:\/\/tmp.compunegocios.com.pe\/index.php\/wp-json\/wp\/v2\/product_brand?post=31213"},{"taxonomy":"product_cat","embeddable":true,"href":"https:\/\/tmp.compunegocios.com.pe\/index.php\/wp-json\/wp\/v2\/product_cat?post=31213"},{"taxonomy":"product_tag","embeddable":true,"href":"https:\/\/tmp.compunegocios.com.pe\/index.php\/wp-json\/wp\/v2\/product_tag?post=31213"}],"curies":[{"name":"wp","href":"https:\/\/api.w.org\/{rel}","templated":true}]}}