{"id":31231,"date":"2025-09-23T16:41:19","date_gmt":"2025-09-23T16:41:19","guid":{"rendered":"https:\/\/compunegocios.com.pe\/index.php\/product\/escaner-epson-ds-530-ii-color-duplex-usb-3-0-de-alta-velocidad\/"},"modified":"2025-09-24T16:18:56","modified_gmt":"2025-09-24T16:18:56","slug":"escaner-epson-ds-530-ii-color-duplex-usb-3-0-de-alta-velocidad","status":"publish","type":"product","link":"https:\/\/tmp.compunegocios.com.pe\/index.php\/product\/escaner-epson-ds-530-ii-color-duplex-usb-3-0-de-alta-velocidad\/","title":{"rendered":"ESCANER EPSON DS-530 II COLOR DUPLEX USB 3.0 de alta velocidad"},"content":{"rendered":"<p>MARCA\tEPSON<br \/>\nMODELO\tDS-530II<br \/>\nNUMERO DE PARTE\tB11B261202<br \/>\nCARACTERISTICAS\tTIPO DE ESC\u00c1NER: ESC\u00c1NER A COLOR D\u00daPLEX DE UNA PASADA CON ALIMENTACI\u00d3N DE HOJAS<br \/>\nALIMENTACI\u00d3N DE PAPEL: ALIMENTACI\u00d3N VERTICAL (CARA ABAJO)<br \/>\nFUENTE DE LUZ: LED RGB DE 3 COLORES<br \/>\nM\u00c9TODO DE ESCANEO: CARRO FIJO Y DOCUMENTO EN MOVIMIENTO<br \/>\nSENSOR \u00d3PTICO: SENSOR DE IMAGEN DE CONTACTO A COLOR (CIS)<br \/>\nFUENTE DE LUZ: LED RGB DE 3 COLORES<br \/>\nRESOLUCI\u00d3N \u00d3PTICA: 600 DPI<br \/>\nM\u00c1XIMA RESOLUCI\u00d3N INTERPOLADA: 1.200 DPI<br \/>\nVELOCIDAD DEL ESC\u00c1NER (ADF): BLANCO Y NEGRO, COLOR, ESCALA DE GRISES, 300 DPI Y 300 DPI: 35 PPM (SIMPLEX) \/ 70 IPM (D\u00daPLEX)<br \/>\n\u00c1REA M\u00c1XIMA DE ESCANEO: M\u00cdNIMO: 5,1 CM X 5,1 CM (2&#8243; X 2&#8243;) \/ M\u00c1XIMO: 21,6 CM X 609,6 CM (8,5&#8243; X 240&#8243;) A 200 DPI \/ M\u00c1XIMO: 21,6 CM X 546,1 CM (8,5&#8243; X 215&#8243;) A 300 DPI<br \/>\nPROFUNDIDAD DE BITS DEL ESC\u00c1NER: RGB: 30 BITS DE ENTRADA \/ 24 BITS DE SALIDA<br \/>\nCONECTIVIDAD\tINTERFAZ\tUSB 3.0 &#8211; ALTA VELOCIDAD<br \/>\nFORMATOS SOPORTADOS\tBMP, JPEG, PDF, PDF HABILITADO PARA B\u00daSQUEDA, PNG, TIFF<br \/>\nALIMENTADOR AUTOMATICO DE DOCUMENTOS\tGRAMAJE DE PAPEL: 27 g\/m2 \u2013 413 g\/m2<br \/>\nCAPACIDAD M\u00c1XIMA: 50 P\u00c1GINAS<br \/>\nESCANEO AUTOM\u00c1TICO A DOS CARAS: SI<br \/>\nVOLTAJE DE ALIMENTACION\tADAPTADOR CA UNIVERSAL 24V<br \/>\nCARACTERISTICAS FISICAS\tDIMENSIONES:\t(ANCHO X PROFUNDIDAD X ALTURA): 16.8 cm x 29.5 cm x 17.5 cm<br \/>\nPESO:\t3.7 kg<\/p>\n","protected":false},"excerpt":{"rendered":"<p>&#8211;<\/p>\n","protected":false},"featured_media":0,"template":"","meta":[],"pwb-brand":[],"product_brand":[],"product_cat":[200],"product_tag":[],"class_list":{"0":"post-31231","1":"product","2":"type-product","3":"status-publish","5":"product_cat-200","7":"first","8":"outofstock","9":"taxable","10":"shipping-taxable","11":"purchasable","12":"product-type-simple"},"brands":[],"_links":{"self":[{"href":"https:\/\/tmp.compunegocios.com.pe\/index.php\/wp-json\/wp\/v2\/product\/31231","targetHints":{"allow":["GET"]}}],"collection":[{"href":"https:\/\/tmp.compunegocios.com.pe\/index.php\/wp-json\/wp\/v2\/product"}],"about":[{"href":"https:\/\/tmp.compunegocios.com.pe\/index.php\/wp-json\/wp\/v2\/types\/product"}],"wp:attachment":[{"href":"https:\/\/tmp.compunegocios.com.pe\/index.php\/wp-json\/wp\/v2\/media?parent=31231"}],"wp:term":[{"taxonomy":"pwb-brand","embeddable":true,"href":"https:\/\/tmp.compunegocios.com.pe\/index.php\/wp-json\/wp\/v2\/pwb-brand?post=31231"},{"taxonomy":"product_brand","embeddable":true,"href":"https:\/\/tmp.compunegocios.com.pe\/index.php\/wp-json\/wp\/v2\/product_brand?post=31231"},{"taxonomy":"product_cat","embeddable":true,"href":"https:\/\/tmp.compunegocios.com.pe\/index.php\/wp-json\/wp\/v2\/product_cat?post=31231"},{"taxonomy":"product_tag","embeddable":true,"href":"https:\/\/tmp.compunegocios.com.pe\/index.php\/wp-json\/wp\/v2\/product_tag?post=31231"}],"curies":[{"name":"wp","href":"https:\/\/api.w.org\/{rel}","templated":true}]}}