{"id":33,"date":"2023-11-11T12:14:53","date_gmt":"2023-11-11T12:14:53","guid":{"rendered":"http:\/\/compunegocios.com.pe\/index.php\/product\/impresora-multifuncional-canon-pixma-g4110-adf\/"},"modified":"2025-08-19T16:59:37","modified_gmt":"2025-08-19T16:59:37","slug":"impresora-multifuncional-canon-pixma-g4110-adf","status":"publish","type":"product","link":"https:\/\/tmp.compunegocios.com.pe\/index.php\/product\/impresora-multifuncional-canon-pixma-g4110-adf\/","title":{"rendered":"IMPRESORA MULTIFUNCIONAL CANON PIXMA G4110, ADF"},"content":{"rendered":"<p>Tecnolog\u00eda de impresi\u00f3n: Inyecci\u00f3n<br \/>\nCapacidad de papel: 100 hojas de Papel Com\u00fan o 20 hojas de Papel Fotogr\u00e1fico 4\u201dx 6\u201d (10cm x 15 cm), 10 Hojas de Papel Fotogr\u00e1fico 5\u201dX7\u201d Wi-Fi: S\u00ed Esc\u00e1ner: S\u00ed Fotocopiadora: S\u00ed Impresi\u00f3n doble cara: No Fax: S\u00ed Resoluci\u00f3n de esc\u00e1ner (dpi): 600 x 1200 dpi (\u00d3ptica), 19,200 x 19,200 dpi (Interpolada).<br \/>\nCon la impresora multifuncional Canon PIXMA G4110 imprime, fotocopia, escanea y env\u00eda faxes. Cuenta con un \u00fatil alimentador autom\u00e1tico de documentos con capacidad para 20 hojas y una pantalla LCD de 2 l\u00edneas.<br \/>\nEsta impresora tiene un sistema de tinta h\u00edbrido integrado, dise\u00f1o compacto, WiFi y capacidades de impresi\u00f3n sin bordes. Experimenta la impresi\u00f3n inal\u00e1mbrica para dispositivos Inteligentes en la aplicaci\u00f3n Canon PRINT e imprime f\u00e1cilmente desde tu smartphone.<br \/>\nLa multifuncional Canon es todo lo que necesitas para tu oficina.<\/p>\n","protected":false},"excerpt":{"rendered":"<p>&#8211;<\/p>\n","protected":false},"featured_media":1300,"template":"","meta":[],"pwb-brand":[334],"product_brand":[],"product_cat":[205],"product_tag":[],"class_list":{"0":"post-33","1":"product","2":"type-product","3":"status-publish","4":"has-post-thumbnail","6":"pwb-brand-canon","7":"product_cat-205","9":"first","10":"instock","11":"taxable","12":"shipping-taxable","13":"purchasable","14":"product-type-simple"},"brands":[{"id":334,"name":"Canon","slug":"canon"}],"_links":{"self":[{"href":"https:\/\/tmp.compunegocios.com.pe\/index.php\/wp-json\/wp\/v2\/product\/33","targetHints":{"allow":["GET"]}}],"collection":[{"href":"https:\/\/tmp.compunegocios.com.pe\/index.php\/wp-json\/wp\/v2\/product"}],"about":[{"href":"https:\/\/tmp.compunegocios.com.pe\/index.php\/wp-json\/wp\/v2\/types\/product"}],"wp:featuredmedia":[{"embeddable":true,"href":"https:\/\/tmp.compunegocios.com.pe\/index.php\/wp-json\/wp\/v2\/media\/1300"}],"wp:attachment":[{"href":"https:\/\/tmp.compunegocios.com.pe\/index.php\/wp-json\/wp\/v2\/media?parent=33"}],"wp:term":[{"taxonomy":"pwb-brand","embeddable":true,"href":"https:\/\/tmp.compunegocios.com.pe\/index.php\/wp-json\/wp\/v2\/pwb-brand?post=33"},{"taxonomy":"product_brand","embeddable":true,"href":"https:\/\/tmp.compunegocios.com.pe\/index.php\/wp-json\/wp\/v2\/product_brand?post=33"},{"taxonomy":"product_cat","embeddable":true,"href":"https:\/\/tmp.compunegocios.com.pe\/index.php\/wp-json\/wp\/v2\/product_cat?post=33"},{"taxonomy":"product_tag","embeddable":true,"href":"https:\/\/tmp.compunegocios.com.pe\/index.php\/wp-json\/wp\/v2\/product_tag?post=33"}],"curies":[{"name":"wp","href":"https:\/\/api.w.org\/{rel}","templated":true}]}}