{"id":38,"date":"2023-11-11T12:15:03","date_gmt":"2023-11-11T12:15:03","guid":{"rendered":"http:\/\/compunegocios.com.pe\/index.php\/product\/impresora-multifuncional-brother-dcp-t220\/"},"modified":"2025-08-19T16:59:42","modified_gmt":"2025-08-19T16:59:42","slug":"impresora-multifuncional-brother-dcp-t220","status":"publish","type":"product","link":"https:\/\/tmp.compunegocios.com.pe\/index.php\/product\/impresora-multifuncional-brother-dcp-t220\/","title":{"rendered":"IMPRESORA MULTIFUNCIONAL BROTHER DCP-T220"},"content":{"rendered":"<p>Brother Impresora de inyecci\u00f3n de tinta multifunci\u00f3n Brother DCP-T220 &#8211; Color &#8211; Copiadora\/Impresora\/Esc\u00e1ner &#8211; 28 ppm Mono\/11 ppm de impresi\u00f3n en color &#8211; 6000 x 1200 dpi Impresi\u00f3n &#8211; D\u00faplex impresi\u00f3n Manual &#8211; Hasta 2500 p\u00e1ginas al mes &#8211; 151 hojas Entrada &#8211; Color De Superficie Plana Esc\u00e1ner &#8211; 1200 &#8211; USB<\/p>\n","protected":false},"excerpt":{"rendered":"<p>&#8211;<\/p>\n","protected":false},"featured_media":1285,"template":"","meta":[],"pwb-brand":[],"product_brand":[],"product_cat":[205],"product_tag":[],"class_list":{"0":"post-38","1":"product","2":"type-product","3":"status-publish","4":"has-post-thumbnail","6":"product_cat-205","8":"first","9":"instock","10":"taxable","11":"shipping-taxable","12":"purchasable","13":"product-type-simple"},"brands":[],"_links":{"self":[{"href":"https:\/\/tmp.compunegocios.com.pe\/index.php\/wp-json\/wp\/v2\/product\/38","targetHints":{"allow":["GET"]}}],"collection":[{"href":"https:\/\/tmp.compunegocios.com.pe\/index.php\/wp-json\/wp\/v2\/product"}],"about":[{"href":"https:\/\/tmp.compunegocios.com.pe\/index.php\/wp-json\/wp\/v2\/types\/product"}],"wp:featuredmedia":[{"embeddable":true,"href":"https:\/\/tmp.compunegocios.com.pe\/index.php\/wp-json\/wp\/v2\/media\/1285"}],"wp:attachment":[{"href":"https:\/\/tmp.compunegocios.com.pe\/index.php\/wp-json\/wp\/v2\/media?parent=38"}],"wp:term":[{"taxonomy":"pwb-brand","embeddable":true,"href":"https:\/\/tmp.compunegocios.com.pe\/index.php\/wp-json\/wp\/v2\/pwb-brand?post=38"},{"taxonomy":"product_brand","embeddable":true,"href":"https:\/\/tmp.compunegocios.com.pe\/index.php\/wp-json\/wp\/v2\/product_brand?post=38"},{"taxonomy":"product_cat","embeddable":true,"href":"https:\/\/tmp.compunegocios.com.pe\/index.php\/wp-json\/wp\/v2\/product_cat?post=38"},{"taxonomy":"product_tag","embeddable":true,"href":"https:\/\/tmp.compunegocios.com.pe\/index.php\/wp-json\/wp\/v2\/product_tag?post=38"}],"curies":[{"name":"wp","href":"https:\/\/api.w.org\/{rel}","templated":true}]}}