{"id":39,"date":"2023-11-11T12:15:05","date_gmt":"2023-11-11T12:15:05","guid":{"rendered":"http:\/\/compunegocios.com.pe\/index.php\/product\/impresora-multifuncional-brother-dcp-t420w\/"},"modified":"2025-08-19T16:59:43","modified_gmt":"2025-08-19T16:59:43","slug":"impresora-multifuncional-brother-dcp-t420w","status":"publish","type":"product","link":"https:\/\/tmp.compunegocios.com.pe\/index.php\/product\/impresora-multifuncional-brother-dcp-t420w\/","title":{"rendered":"IMPRESORA MULTIFUNCIONAL BROTHER DCP-T420W"},"content":{"rendered":"<p>Brother Impresora de inyecci\u00f3n de tinta multifunci\u00f3n Brother DCP-T420W Inal\u00e1mbrico &#8211; Color &#8211; Copiadora\/Impresora\/Esc\u00e1ner &#8211; 1200 x 1800 dpi Impresi\u00f3n &#8211; Hasta 2500 p\u00e1ginas al mes &#8211; Color De Superficie Plana Esc\u00e1ner &#8211; 1200 &#8211; LAN inal\u00e1mbrica &#8211; Wi-Fi Direct, Mopria, Bother iPrint&amp;Scan &#8211; USB<\/p>\n","protected":false},"excerpt":{"rendered":"<p>&#8211;<\/p>\n","protected":false},"featured_media":1282,"template":"","meta":[],"pwb-brand":[],"product_brand":[],"product_cat":[205],"product_tag":[],"class_list":{"0":"post-39","1":"product","2":"type-product","3":"status-publish","4":"has-post-thumbnail","6":"product_cat-205","8":"first","9":"instock","10":"taxable","11":"shipping-taxable","12":"purchasable","13":"product-type-simple"},"brands":[],"_links":{"self":[{"href":"https:\/\/tmp.compunegocios.com.pe\/index.php\/wp-json\/wp\/v2\/product\/39","targetHints":{"allow":["GET"]}}],"collection":[{"href":"https:\/\/tmp.compunegocios.com.pe\/index.php\/wp-json\/wp\/v2\/product"}],"about":[{"href":"https:\/\/tmp.compunegocios.com.pe\/index.php\/wp-json\/wp\/v2\/types\/product"}],"wp:featuredmedia":[{"embeddable":true,"href":"https:\/\/tmp.compunegocios.com.pe\/index.php\/wp-json\/wp\/v2\/media\/1282"}],"wp:attachment":[{"href":"https:\/\/tmp.compunegocios.com.pe\/index.php\/wp-json\/wp\/v2\/media?parent=39"}],"wp:term":[{"taxonomy":"pwb-brand","embeddable":true,"href":"https:\/\/tmp.compunegocios.com.pe\/index.php\/wp-json\/wp\/v2\/pwb-brand?post=39"},{"taxonomy":"product_brand","embeddable":true,"href":"https:\/\/tmp.compunegocios.com.pe\/index.php\/wp-json\/wp\/v2\/product_brand?post=39"},{"taxonomy":"product_cat","embeddable":true,"href":"https:\/\/tmp.compunegocios.com.pe\/index.php\/wp-json\/wp\/v2\/product_cat?post=39"},{"taxonomy":"product_tag","embeddable":true,"href":"https:\/\/tmp.compunegocios.com.pe\/index.php\/wp-json\/wp\/v2\/product_tag?post=39"}],"curies":[{"name":"wp","href":"https:\/\/api.w.org\/{rel}","templated":true}]}}