{"id":40,"date":"2023-11-11T12:15:07","date_gmt":"2023-11-11T12:15:07","guid":{"rendered":"http:\/\/compunegocios.com.pe\/index.php\/product\/impresora-multifuncional-brother-dcp-t820dw\/"},"modified":"2025-08-20T00:44:43","modified_gmt":"2025-08-20T00:44:43","slug":"impresora-multifuncional-brother-dcp-t820dw","status":"publish","type":"product","link":"https:\/\/tmp.compunegocios.com.pe\/index.php\/product\/impresora-multifuncional-brother-dcp-t820dw\/","title":{"rendered":"IMPRESORA MULTIFUNCIONAL BROTHER DCP-T820DW"},"content":{"rendered":"<p>Caracter\u00edsticas de MULTIFUNCIONAL BROTHER DCP-T820DW WIFI \/DUPLEX<br \/>\nIMPRESI\u00d3N<\/p>\n<p>Impresi\u00f3n d\u00faplex est\u00e1ndar\tS\u00ed<br \/>\nVelocidad m\u00e1xima de impresi\u00f3n en negro basada en ISO (ppm)\t17<br \/>\nVelocidad de impresi\u00f3n en negro (m\u00e1x. ppm)\t30<br \/>\nImpresi\u00f3n sin bordes\tS\u00ed<br \/>\nVelocidad m\u00e1xima de impresi\u00f3n a color basada en ISO (ppm)\t16<br \/>\nVelocidad de impresi\u00f3n en color (m\u00e1x. ppm)\t26<br \/>\nTipo de suministro\tBotellas de Tinta<br \/>\nVelocidad de CPU (MhZ)\t576<br \/>\nFunci\u00f3n Email Print\tS\u00ed<br \/>\nTecnolog\u00eda de impresi\u00f3n\tInkjet<br \/>\nCompatibilidad de controlador de impresora\u2021\tWindow<\/p>\n","protected":false},"excerpt":{"rendered":"<p>&#8211;<\/p>\n","protected":false},"featured_media":1279,"template":"","meta":[],"pwb-brand":[],"product_brand":[],"product_cat":[205],"product_tag":[],"class_list":{"0":"post-40","1":"product","2":"type-product","3":"status-publish","4":"has-post-thumbnail","6":"product_cat-205","8":"first","9":"instock","10":"taxable","11":"shipping-taxable","12":"purchasable","13":"product-type-simple"},"brands":[],"_links":{"self":[{"href":"https:\/\/tmp.compunegocios.com.pe\/index.php\/wp-json\/wp\/v2\/product\/40","targetHints":{"allow":["GET"]}}],"collection":[{"href":"https:\/\/tmp.compunegocios.com.pe\/index.php\/wp-json\/wp\/v2\/product"}],"about":[{"href":"https:\/\/tmp.compunegocios.com.pe\/index.php\/wp-json\/wp\/v2\/types\/product"}],"wp:featuredmedia":[{"embeddable":true,"href":"https:\/\/tmp.compunegocios.com.pe\/index.php\/wp-json\/wp\/v2\/media\/1279"}],"wp:attachment":[{"href":"https:\/\/tmp.compunegocios.com.pe\/index.php\/wp-json\/wp\/v2\/media?parent=40"}],"wp:term":[{"taxonomy":"pwb-brand","embeddable":true,"href":"https:\/\/tmp.compunegocios.com.pe\/index.php\/wp-json\/wp\/v2\/pwb-brand?post=40"},{"taxonomy":"product_brand","embeddable":true,"href":"https:\/\/tmp.compunegocios.com.pe\/index.php\/wp-json\/wp\/v2\/product_brand?post=40"},{"taxonomy":"product_cat","embeddable":true,"href":"https:\/\/tmp.compunegocios.com.pe\/index.php\/wp-json\/wp\/v2\/product_cat?post=40"},{"taxonomy":"product_tag","embeddable":true,"href":"https:\/\/tmp.compunegocios.com.pe\/index.php\/wp-json\/wp\/v2\/product_tag?post=40"}],"curies":[{"name":"wp","href":"https:\/\/api.w.org\/{rel}","templated":true}]}}