{"id":70,"date":"2023-11-11T12:15:58","date_gmt":"2023-11-11T12:15:58","guid":{"rendered":"http:\/\/compunegocios.com.pe\/index.php\/product\/impresora-multifuncional-brother-mfc-t920dw\/"},"modified":"2025-08-19T17:00:16","modified_gmt":"2025-08-19T17:00:16","slug":"impresora-multifuncional-brother-mfc-t920dw","status":"publish","type":"product","link":"https:\/\/tmp.compunegocios.com.pe\/index.php\/product\/impresora-multifuncional-brother-mfc-t920dw\/","title":{"rendered":"IMPRESORA MULTIFUNCIONAL BROTHER MFC-T920DW"},"content":{"rendered":"<p>Multifuncional de inyecci\u00f3n de tinta a color MFC-T920DW InkBenefit Tank con conectividad inal\u00e1mbrica e impresi\u00f3n d\u00faplex<br \/>\nVelocidades de impresi\u00f3n r\u00e1pidas de hasta 30 ppm en negro y 26 ppm a color (MODO ECO) y hasta 17 ipm en negro y 16 ipm a color (ISO\/IEC 24734).<br \/>\nImpresi\u00f3n de alta calidad en negro y colores v\u00edvidos para documentos comerciales y fotograf\u00edas sin bordes en una resoluci\u00f3n de hasta 6.000 x 1.200 dpi.<br \/>\nBajo costo de impresi\u00f3n con las 2 botellas de tinta negra de ultra alto rendimiento incluidas, con un total de hasta 15.000 p\u00e1ginas, y con las botellas de tinta a color de hasta 5.000 p\u00e1ginas.<br \/>\nWi-Fi Direct\u00ae, conectividad Ethernet e inal\u00e1mbrica adem\u00e1s de impresi\u00f3n y escaneado m\u00f3vil para trabajar con flexibilidad mediante computadoras, port\u00e1tiles, smartphones o tablets.<\/p>\n","protected":false},"excerpt":{"rendered":"<p>&#8211;<\/p>\n","protected":false},"featured_media":1156,"template":"","meta":[],"pwb-brand":[],"product_brand":[],"product_cat":[205],"product_tag":[],"class_list":{"0":"post-70","1":"product","2":"type-product","3":"status-publish","4":"has-post-thumbnail","6":"product_cat-205","8":"first","9":"instock","10":"taxable","11":"shipping-taxable","12":"purchasable","13":"product-type-simple"},"brands":[],"_links":{"self":[{"href":"https:\/\/tmp.compunegocios.com.pe\/index.php\/wp-json\/wp\/v2\/product\/70","targetHints":{"allow":["GET"]}}],"collection":[{"href":"https:\/\/tmp.compunegocios.com.pe\/index.php\/wp-json\/wp\/v2\/product"}],"about":[{"href":"https:\/\/tmp.compunegocios.com.pe\/index.php\/wp-json\/wp\/v2\/types\/product"}],"wp:featuredmedia":[{"embeddable":true,"href":"https:\/\/tmp.compunegocios.com.pe\/index.php\/wp-json\/wp\/v2\/media\/1156"}],"wp:attachment":[{"href":"https:\/\/tmp.compunegocios.com.pe\/index.php\/wp-json\/wp\/v2\/media?parent=70"}],"wp:term":[{"taxonomy":"pwb-brand","embeddable":true,"href":"https:\/\/tmp.compunegocios.com.pe\/index.php\/wp-json\/wp\/v2\/pwb-brand?post=70"},{"taxonomy":"product_brand","embeddable":true,"href":"https:\/\/tmp.compunegocios.com.pe\/index.php\/wp-json\/wp\/v2\/product_brand?post=70"},{"taxonomy":"product_cat","embeddable":true,"href":"https:\/\/tmp.compunegocios.com.pe\/index.php\/wp-json\/wp\/v2\/product_cat?post=70"},{"taxonomy":"product_tag","embeddable":true,"href":"https:\/\/tmp.compunegocios.com.pe\/index.php\/wp-json\/wp\/v2\/product_tag?post=70"}],"curies":[{"name":"wp","href":"https:\/\/api.w.org\/{rel}","templated":true}]}}