{"id":71,"date":"2023-11-11T12:16:00","date_gmt":"2023-11-11T12:16:00","guid":{"rendered":"http:\/\/compunegocios.com.pe\/index.php\/product\/impresora-multifuncional-brother-mfct4500dw-a3\/"},"modified":"2025-08-19T17:00:17","modified_gmt":"2025-08-19T17:00:17","slug":"impresora-multifuncional-brother-mfct4500dw-a3","status":"publish","type":"product","link":"https:\/\/tmp.compunegocios.com.pe\/index.php\/product\/impresora-multifuncional-brother-mfct4500dw-a3\/","title":{"rendered":"IMPRESORA MULTIFUNCIONAL BROTHER MFCT4500DW A3"},"content":{"rendered":"<p>Multifuncional de inyecci\u00f3n de tinta a color para documentos A3 (27.9 x 43.2 cm) con d\u00faplex, conectividad en red inal\u00e1mbrica y botellas de tinta de ultra alto rendimiento.<br \/>\nDise\u00f1ada para la empresa. Impresi\u00f3n r\u00e1pida para ayudar a aumentar la productividad en el trabajo y menor tiempo de espera al imprimir la primera hoja. Velocidad de impresi\u00f3n r\u00e1pida 35 ppm en negro y 27 ppm a color. Impresion ISO hasta 22 ipm en negro y 20 ipm a color ((ISO\/IEC 24734)<br \/>\nImpresora, copiadora, esc\u00e1ner y fax de documentos de hasta A3. Tama\u00f1o del cristal del Esc\u00e1ner tama\u00f1o doble carta (A3) y alimentador autom\u00e1tico de documentos de hasta 50 hojas. Impresi\u00f3n d\u00faplex (por ambas caras) autom\u00e1tica.<br \/>\nNavegue y seleccione con facilidad una gama de funciones potentes en la pantalla t\u00e1ctil de 2,7&#8243;.<br \/>\nImprima f\u00e1cilmente documentos a dos caras. D\u00faplex autom\u00e1tico para ayudar a reducir costos al imprimir documentos profesionales, presentaciones, folletos y cat\u00e1logos a doble faz.<\/p>\n","protected":false},"excerpt":{"rendered":"<p>&#8211;<\/p>\n","protected":false},"featured_media":1153,"template":"","meta":[],"pwb-brand":[],"product_brand":[],"product_cat":[205],"product_tag":[],"class_list":{"0":"post-71","1":"product","2":"type-product","3":"status-publish","4":"has-post-thumbnail","6":"product_cat-205","8":"first","9":"instock","10":"taxable","11":"shipping-taxable","12":"purchasable","13":"product-type-simple"},"brands":[],"_links":{"self":[{"href":"https:\/\/tmp.compunegocios.com.pe\/index.php\/wp-json\/wp\/v2\/product\/71","targetHints":{"allow":["GET"]}}],"collection":[{"href":"https:\/\/tmp.compunegocios.com.pe\/index.php\/wp-json\/wp\/v2\/product"}],"about":[{"href":"https:\/\/tmp.compunegocios.com.pe\/index.php\/wp-json\/wp\/v2\/types\/product"}],"wp:featuredmedia":[{"embeddable":true,"href":"https:\/\/tmp.compunegocios.com.pe\/index.php\/wp-json\/wp\/v2\/media\/1153"}],"wp:attachment":[{"href":"https:\/\/tmp.compunegocios.com.pe\/index.php\/wp-json\/wp\/v2\/media?parent=71"}],"wp:term":[{"taxonomy":"pwb-brand","embeddable":true,"href":"https:\/\/tmp.compunegocios.com.pe\/index.php\/wp-json\/wp\/v2\/pwb-brand?post=71"},{"taxonomy":"product_brand","embeddable":true,"href":"https:\/\/tmp.compunegocios.com.pe\/index.php\/wp-json\/wp\/v2\/product_brand?post=71"},{"taxonomy":"product_cat","embeddable":true,"href":"https:\/\/tmp.compunegocios.com.pe\/index.php\/wp-json\/wp\/v2\/product_cat?post=71"},{"taxonomy":"product_tag","embeddable":true,"href":"https:\/\/tmp.compunegocios.com.pe\/index.php\/wp-json\/wp\/v2\/product_tag?post=71"}],"curies":[{"name":"wp","href":"https:\/\/api.w.org\/{rel}","templated":true}]}}