{"id":79,"date":"2023-11-11T12:16:20","date_gmt":"2023-11-11T12:16:20","guid":{"rendered":"http:\/\/compunegocios.com.pe\/index.php\/product\/impresora-laser-hp-107w-monocromatica\/"},"modified":"2025-09-02T18:11:12","modified_gmt":"2025-09-02T18:11:12","slug":"impresora-laser-hp-107w-monocromatica","status":"publish","type":"product","link":"https:\/\/tmp.compunegocios.com.pe\/index.php\/product\/impresora-laser-hp-107w-monocromatica\/","title":{"rendered":"IMPRESORA L\u00c1SER HP 107W MONOCROM\u00c1TICA"},"content":{"rendered":"<p>Impresi\u00f3n l\u00e1ser en blanco y negro<br \/>\nPanel de control (botones encendido, cancelar, inal\u00e1mbrico) \/ Indicadores luminosos LED \/ Funciones de software inteligente (impresi\u00f3n manual a doble cara, impresi\u00f3n de varias p\u00e1ginas por hoja, compaginado, marcas de agua, acepta una variedad de tama\u00f1os y tipos de papel) \/ Velocidad de impresi\u00f3n A4 (hasta 20 ppm; primera p\u00e1gina impresa en negro 8.3 segundos) \/ Resoluci\u00f3n de impresi\u00f3n \u00f3ptima (hasta 1200 x 1200 dpi) \/ Ciclo de trabajo mensual A4 (hasta 10,000 p\u00e1ginas) \/ Volumen de p\u00e1ginas mensuales recomendado (100 a 1500) \/ Conectividad est\u00e1ndar (puerto USB 2.0 de alta velocidad) \/ Capacidad inal\u00e1mbrica (Wi-Fi 802.11b\/g\/n integrada) \/ Capacidad de impresi\u00f3n m\u00f3vil (Apple AirPrint; Google Cloud Print; Aplicaciones m\u00f3viles; Certificaci\u00f3n Mopria; Impresi\u00f3n Wi-Fi Direct; HP Smart app) \/ Memoria est\u00e1ndar 64 MB (m\u00e1ximo 64 MB) \/ Velocidad del procesador 400 MHz \/ Tipos, gramaje y tama\u00f1os de soportes admitidos (normal, grueso, fino, algod\u00f3n, color, preimpreso, reciclado, etiquetas, cartulina, bond, archivo, sobre &#8211; de 60 a 163 g\/m\u00b2 &#8211; A4; A5; A5(LEF); B5 (JIS); Oficio; Sobre (DL, C5); 76 x 127 a 216 x 356 mm) \/ Soportes personalizados (de 76 x 127 a 216 x 356 mm) \/ Bandeja de entrada de 150 hojas; Bandeja salida de 100 hojas; Opciones de d\u00faplex (manual, soporte para controlador suministrado); 1 bandeja de papel est\u00e1ndar; Hasta 150 hojas de capacidades de entrada; Est\u00e1ndar Transparencias etiquetas oficio; Capacidades de salida (hasta 100 hojas est\u00e1ndar); Hasta 10 sobres transparencias etiquetas oficio<\/p>\n","protected":false},"excerpt":{"rendered":"<p>&#8211;<\/p>\n","protected":false},"featured_media":1132,"template":"","meta":[],"pwb-brand":[340],"product_brand":[],"product_cat":[204],"product_tag":[],"class_list":{"0":"post-79","1":"product","2":"type-product","3":"status-publish","4":"has-post-thumbnail","6":"pwb-brand-hp","7":"product_cat-204","9":"first","10":"outofstock","11":"taxable","12":"shipping-taxable","13":"purchasable","14":"product-type-simple"},"brands":[{"id":340,"name":"HP","slug":"hp"}],"_links":{"self":[{"href":"https:\/\/tmp.compunegocios.com.pe\/index.php\/wp-json\/wp\/v2\/product\/79","targetHints":{"allow":["GET"]}}],"collection":[{"href":"https:\/\/tmp.compunegocios.com.pe\/index.php\/wp-json\/wp\/v2\/product"}],"about":[{"href":"https:\/\/tmp.compunegocios.com.pe\/index.php\/wp-json\/wp\/v2\/types\/product"}],"wp:featuredmedia":[{"embeddable":true,"href":"https:\/\/tmp.compunegocios.com.pe\/index.php\/wp-json\/wp\/v2\/media\/1132"}],"wp:attachment":[{"href":"https:\/\/tmp.compunegocios.com.pe\/index.php\/wp-json\/wp\/v2\/media?parent=79"}],"wp:term":[{"taxonomy":"pwb-brand","embeddable":true,"href":"https:\/\/tmp.compunegocios.com.pe\/index.php\/wp-json\/wp\/v2\/pwb-brand?post=79"},{"taxonomy":"product_brand","embeddable":true,"href":"https:\/\/tmp.compunegocios.com.pe\/index.php\/wp-json\/wp\/v2\/product_brand?post=79"},{"taxonomy":"product_cat","embeddable":true,"href":"https:\/\/tmp.compunegocios.com.pe\/index.php\/wp-json\/wp\/v2\/product_cat?post=79"},{"taxonomy":"product_tag","embeddable":true,"href":"https:\/\/tmp.compunegocios.com.pe\/index.php\/wp-json\/wp\/v2\/product_tag?post=79"}],"curies":[{"name":"wp","href":"https:\/\/api.w.org\/{rel}","templated":true}]}}