{"id":80,"date":"2023-11-11T12:16:21","date_gmt":"2023-11-11T12:16:21","guid":{"rendered":"http:\/\/compunegocios.com.pe\/index.php\/product\/procesador-intel-core-i5-12400f-2-50-ghz\/"},"modified":"2025-08-19T17:00:27","modified_gmt":"2025-08-19T17:00:27","slug":"procesador-intel-core-i5-12400f-2-50-ghz","status":"publish","type":"product","link":"https:\/\/tmp.compunegocios.com.pe\/index.php\/product\/procesador-intel-core-i5-12400f-2-50-ghz\/","title":{"rendered":"Procesador Intel Core i5-12400F 2.50 GHz"},"content":{"rendered":"<p>Procesador Intel Core i5-12400, 2.50 GHz Frecuencia base, 4.40 GHz Turbo, 6 N\u00facleos, 12 Subprocesos, 18 MB SmartCach\u00e9, LGA1700 Socket, 65W base &#8211; 117w turbo Potencia, Intel 7 Litograf\u00eda, No incorpora controladores graficos.<\/p>\n","protected":false},"excerpt":{"rendered":"<p>&#8211;<\/p>\n","protected":false},"featured_media":1129,"template":"","meta":[],"pwb-brand":[],"product_brand":[],"product_cat":[80],"product_tag":[],"class_list":{"0":"post-80","1":"product","2":"type-product","3":"status-publish","4":"has-post-thumbnail","6":"product_cat-80","8":"first","9":"instock","10":"taxable","11":"shipping-taxable","12":"purchasable","13":"product-type-simple"},"brands":[],"_links":{"self":[{"href":"https:\/\/tmp.compunegocios.com.pe\/index.php\/wp-json\/wp\/v2\/product\/80","targetHints":{"allow":["GET"]}}],"collection":[{"href":"https:\/\/tmp.compunegocios.com.pe\/index.php\/wp-json\/wp\/v2\/product"}],"about":[{"href":"https:\/\/tmp.compunegocios.com.pe\/index.php\/wp-json\/wp\/v2\/types\/product"}],"wp:featuredmedia":[{"embeddable":true,"href":"https:\/\/tmp.compunegocios.com.pe\/index.php\/wp-json\/wp\/v2\/media\/1129"}],"wp:attachment":[{"href":"https:\/\/tmp.compunegocios.com.pe\/index.php\/wp-json\/wp\/v2\/media?parent=80"}],"wp:term":[{"taxonomy":"pwb-brand","embeddable":true,"href":"https:\/\/tmp.compunegocios.com.pe\/index.php\/wp-json\/wp\/v2\/pwb-brand?post=80"},{"taxonomy":"product_brand","embeddable":true,"href":"https:\/\/tmp.compunegocios.com.pe\/index.php\/wp-json\/wp\/v2\/product_brand?post=80"},{"taxonomy":"product_cat","embeddable":true,"href":"https:\/\/tmp.compunegocios.com.pe\/index.php\/wp-json\/wp\/v2\/product_cat?post=80"},{"taxonomy":"product_tag","embeddable":true,"href":"https:\/\/tmp.compunegocios.com.pe\/index.php\/wp-json\/wp\/v2\/product_tag?post=80"}],"curies":[{"name":"wp","href":"https:\/\/api.w.org\/{rel}","templated":true}]}}