{"id":81,"date":"2023-11-11T12:16:23","date_gmt":"2023-11-11T12:16:23","guid":{"rendered":"http:\/\/compunegocios.com.pe\/index.php\/product\/procesador-intel-core-i5-13400-2-50-ghz\/"},"modified":"2025-09-25T02:23:30","modified_gmt":"2025-09-25T02:23:30","slug":"procesador-intel-core-i5-13400-2-50-ghz","status":"publish","type":"product","link":"https:\/\/tmp.compunegocios.com.pe\/index.php\/product\/procesador-intel-core-i5-13400-2-50-ghz\/","title":{"rendered":"Procesador Intel Core i5-13400 2.50 GHz"},"content":{"rendered":"<p>Procesador Intel Core i5-13400, 2.50 GHz Frecuencia base, 4.60 GHz Turbo, 6 N\u00facleos, 16 Subprocesos, 20MB SmartCach\u00e9, LGA1700 Socket, 65W base &#8211; 154w turbo Potencia, Intel 7 Litograf\u00eda, Graficos UHD Intel 730.<\/p>\n","protected":false},"excerpt":{"rendered":"<p>&#8211;<\/p>\n","protected":false},"featured_media":1126,"template":"","meta":[],"pwb-brand":[],"product_brand":[],"product_cat":[84],"product_tag":[],"class_list":{"0":"post-81","1":"product","2":"type-product","3":"status-publish","4":"has-post-thumbnail","6":"product_cat-84","8":"first","9":"instock","10":"taxable","11":"shipping-taxable","12":"purchasable","13":"product-type-simple"},"brands":[],"_links":{"self":[{"href":"https:\/\/tmp.compunegocios.com.pe\/index.php\/wp-json\/wp\/v2\/product\/81","targetHints":{"allow":["GET"]}}],"collection":[{"href":"https:\/\/tmp.compunegocios.com.pe\/index.php\/wp-json\/wp\/v2\/product"}],"about":[{"href":"https:\/\/tmp.compunegocios.com.pe\/index.php\/wp-json\/wp\/v2\/types\/product"}],"wp:featuredmedia":[{"embeddable":true,"href":"https:\/\/tmp.compunegocios.com.pe\/index.php\/wp-json\/wp\/v2\/media\/1126"}],"wp:attachment":[{"href":"https:\/\/tmp.compunegocios.com.pe\/index.php\/wp-json\/wp\/v2\/media?parent=81"}],"wp:term":[{"taxonomy":"pwb-brand","embeddable":true,"href":"https:\/\/tmp.compunegocios.com.pe\/index.php\/wp-json\/wp\/v2\/pwb-brand?post=81"},{"taxonomy":"product_brand","embeddable":true,"href":"https:\/\/tmp.compunegocios.com.pe\/index.php\/wp-json\/wp\/v2\/product_brand?post=81"},{"taxonomy":"product_cat","embeddable":true,"href":"https:\/\/tmp.compunegocios.com.pe\/index.php\/wp-json\/wp\/v2\/product_cat?post=81"},{"taxonomy":"product_tag","embeddable":true,"href":"https:\/\/tmp.compunegocios.com.pe\/index.php\/wp-json\/wp\/v2\/product_tag?post=81"}],"curies":[{"name":"wp","href":"https:\/\/api.w.org\/{rel}","templated":true}]}}