{"id":86,"date":"2023-11-11T12:16:36","date_gmt":"2023-11-11T12:16:36","guid":{"rendered":"http:\/\/compunegocios.com.pe\/index.php\/product\/procesador-intel-core-i3-10100f-3-60-ghz\/"},"modified":"2025-08-19T17:00:34","modified_gmt":"2025-08-19T17:00:34","slug":"procesador-intel-core-i3-10100f-3-60-ghz","status":"publish","type":"product","link":"https:\/\/tmp.compunegocios.com.pe\/index.php\/product\/procesador-intel-core-i3-10100f-3-60-ghz\/","title":{"rendered":"Procesador Intel Core i3-10100F 3.60 GHz"},"content":{"rendered":"<p>Procesador Intel Core i3-10100F, 3.60 GHz Frecuencia base, 4.30 GHz Turbo, 4 N\u00facleos, 8 Subprocesos, 6MB Cach\u00e9 L3, LGA1200 Socket, 65W Potencia, 14nm Litograf\u00eda, No incorpora controladores gr\u00e1ficos.<\/p>\n","protected":false},"excerpt":{"rendered":"<p>&#8211;<\/p>\n","protected":false},"featured_media":1110,"template":"","meta":[],"pwb-brand":[],"product_brand":[],"product_cat":[64],"product_tag":[],"class_list":{"0":"post-86","1":"product","2":"type-product","3":"status-publish","4":"has-post-thumbnail","6":"product_cat-64","8":"first","9":"instock","10":"taxable","11":"shipping-taxable","12":"purchasable","13":"product-type-simple"},"brands":[],"_links":{"self":[{"href":"https:\/\/tmp.compunegocios.com.pe\/index.php\/wp-json\/wp\/v2\/product\/86","targetHints":{"allow":["GET"]}}],"collection":[{"href":"https:\/\/tmp.compunegocios.com.pe\/index.php\/wp-json\/wp\/v2\/product"}],"about":[{"href":"https:\/\/tmp.compunegocios.com.pe\/index.php\/wp-json\/wp\/v2\/types\/product"}],"wp:featuredmedia":[{"embeddable":true,"href":"https:\/\/tmp.compunegocios.com.pe\/index.php\/wp-json\/wp\/v2\/media\/1110"}],"wp:attachment":[{"href":"https:\/\/tmp.compunegocios.com.pe\/index.php\/wp-json\/wp\/v2\/media?parent=86"}],"wp:term":[{"taxonomy":"pwb-brand","embeddable":true,"href":"https:\/\/tmp.compunegocios.com.pe\/index.php\/wp-json\/wp\/v2\/pwb-brand?post=86"},{"taxonomy":"product_brand","embeddable":true,"href":"https:\/\/tmp.compunegocios.com.pe\/index.php\/wp-json\/wp\/v2\/product_brand?post=86"},{"taxonomy":"product_cat","embeddable":true,"href":"https:\/\/tmp.compunegocios.com.pe\/index.php\/wp-json\/wp\/v2\/product_cat?post=86"},{"taxonomy":"product_tag","embeddable":true,"href":"https:\/\/tmp.compunegocios.com.pe\/index.php\/wp-json\/wp\/v2\/product_tag?post=86"}],"curies":[{"name":"wp","href":"https:\/\/api.w.org\/{rel}","templated":true}]}}