{"id":90,"date":"2023-11-11T12:16:43","date_gmt":"2023-11-11T12:16:43","guid":{"rendered":"http:\/\/compunegocios.com.pe\/index.php\/product\/procesador-intel-celeron-g1820-2-70-ghz\/"},"modified":"2025-08-19T17:00:38","modified_gmt":"2025-08-19T17:00:38","slug":"procesador-intel-celeron-g1820-2-70-ghz","status":"publish","type":"product","link":"https:\/\/tmp.compunegocios.com.pe\/index.php\/product\/procesador-intel-celeron-g1820-2-70-ghz\/","title":{"rendered":"Procesador Intel Celeron G1820 2.70 GHz"},"content":{"rendered":"<p>Procesador Intel Celeron G1820, 2.70 GHz Frecuencia base, 2 N\u00facleos, 2 Subprocesos, 2MB Cach\u00e9 L3, LGA1150 Socket, 53W Potencia, 22nm Litograf\u00eda, Gr\u00e1ficos HD 4ta gen.<\/p>\n","protected":false},"excerpt":{"rendered":"<p>&#8211;<\/p>\n","protected":false},"featured_media":1099,"template":"","meta":[],"pwb-brand":[],"product_brand":[],"product_cat":[87],"product_tag":[],"class_list":{"0":"post-90","1":"product","2":"type-product","3":"status-publish","4":"has-post-thumbnail","6":"product_cat-87","8":"first","9":"instock","10":"taxable","11":"shipping-taxable","12":"purchasable","13":"product-type-simple"},"brands":[],"_links":{"self":[{"href":"https:\/\/tmp.compunegocios.com.pe\/index.php\/wp-json\/wp\/v2\/product\/90","targetHints":{"allow":["GET"]}}],"collection":[{"href":"https:\/\/tmp.compunegocios.com.pe\/index.php\/wp-json\/wp\/v2\/product"}],"about":[{"href":"https:\/\/tmp.compunegocios.com.pe\/index.php\/wp-json\/wp\/v2\/types\/product"}],"wp:featuredmedia":[{"embeddable":true,"href":"https:\/\/tmp.compunegocios.com.pe\/index.php\/wp-json\/wp\/v2\/media\/1099"}],"wp:attachment":[{"href":"https:\/\/tmp.compunegocios.com.pe\/index.php\/wp-json\/wp\/v2\/media?parent=90"}],"wp:term":[{"taxonomy":"pwb-brand","embeddable":true,"href":"https:\/\/tmp.compunegocios.com.pe\/index.php\/wp-json\/wp\/v2\/pwb-brand?post=90"},{"taxonomy":"product_brand","embeddable":true,"href":"https:\/\/tmp.compunegocios.com.pe\/index.php\/wp-json\/wp\/v2\/product_brand?post=90"},{"taxonomy":"product_cat","embeddable":true,"href":"https:\/\/tmp.compunegocios.com.pe\/index.php\/wp-json\/wp\/v2\/product_cat?post=90"},{"taxonomy":"product_tag","embeddable":true,"href":"https:\/\/tmp.compunegocios.com.pe\/index.php\/wp-json\/wp\/v2\/product_tag?post=90"}],"curies":[{"name":"wp","href":"https:\/\/api.w.org\/{rel}","templated":true}]}}