{"id":91,"date":"2023-11-11T12:16:45","date_gmt":"2023-11-11T12:16:45","guid":{"rendered":"http:\/\/compunegocios.com.pe\/index.php\/product\/procesador-amd-ryzen-3-3200g-3-60-ghz\/"},"modified":"2025-08-19T17:00:39","modified_gmt":"2025-08-19T17:00:39","slug":"procesador-amd-ryzen-3-3200g-3-60-ghz","status":"publish","type":"product","link":"https:\/\/tmp.compunegocios.com.pe\/index.php\/product\/procesador-amd-ryzen-3-3200g-3-60-ghz\/","title":{"rendered":"Procesador AMD Ryzen 3 3200G 3.60 GHz"},"content":{"rendered":"<p>Procesador AMD Ryzen 3 3200G, 3.60 GHz Frecuencia base, 4.0 GHz Turbo, 4 N\u00facleos, 4 Subprocesos, 4MB Cach\u00e9 L3, AM4 Socket, 65W Potencia, 14nm Litograf\u00eda, Graficos AMD Radeon Vega 8.<\/p>\n","protected":false},"excerpt":{"rendered":"<p>&#8211;<\/p>\n","protected":false},"featured_media":1097,"template":"","meta":[],"pwb-brand":[],"product_brand":[],"product_cat":[65],"product_tag":[],"class_list":{"0":"post-91","1":"product","2":"type-product","3":"status-publish","4":"has-post-thumbnail","6":"product_cat-65","8":"first","9":"instock","10":"taxable","11":"shipping-taxable","12":"purchasable","13":"product-type-simple"},"brands":[],"_links":{"self":[{"href":"https:\/\/tmp.compunegocios.com.pe\/index.php\/wp-json\/wp\/v2\/product\/91","targetHints":{"allow":["GET"]}}],"collection":[{"href":"https:\/\/tmp.compunegocios.com.pe\/index.php\/wp-json\/wp\/v2\/product"}],"about":[{"href":"https:\/\/tmp.compunegocios.com.pe\/index.php\/wp-json\/wp\/v2\/types\/product"}],"wp:featuredmedia":[{"embeddable":true,"href":"https:\/\/tmp.compunegocios.com.pe\/index.php\/wp-json\/wp\/v2\/media\/1097"}],"wp:attachment":[{"href":"https:\/\/tmp.compunegocios.com.pe\/index.php\/wp-json\/wp\/v2\/media?parent=91"}],"wp:term":[{"taxonomy":"pwb-brand","embeddable":true,"href":"https:\/\/tmp.compunegocios.com.pe\/index.php\/wp-json\/wp\/v2\/pwb-brand?post=91"},{"taxonomy":"product_brand","embeddable":true,"href":"https:\/\/tmp.compunegocios.com.pe\/index.php\/wp-json\/wp\/v2\/product_brand?post=91"},{"taxonomy":"product_cat","embeddable":true,"href":"https:\/\/tmp.compunegocios.com.pe\/index.php\/wp-json\/wp\/v2\/product_cat?post=91"},{"taxonomy":"product_tag","embeddable":true,"href":"https:\/\/tmp.compunegocios.com.pe\/index.php\/wp-json\/wp\/v2\/product_tag?post=91"}],"curies":[{"name":"wp","href":"https:\/\/api.w.org\/{rel}","templated":true}]}}