{"id":93,"date":"2023-11-11T12:16:48","date_gmt":"2023-11-11T12:16:48","guid":{"rendered":"http:\/\/compunegocios.com.pe\/index.php\/product\/procesador-amd-ryzen-5-5600g-3-90-ghz\/"},"modified":"2025-08-19T17:00:41","modified_gmt":"2025-08-19T17:00:41","slug":"procesador-amd-ryzen-5-5600g-3-90-ghz","status":"publish","type":"product","link":"https:\/\/tmp.compunegocios.com.pe\/index.php\/product\/procesador-amd-ryzen-5-5600g-3-90-ghz\/","title":{"rendered":"Procesador AMD Ryzen 5 5600G 3.90 GHz"},"content":{"rendered":"<p>Procesador AMD Ryzen 5 5600G , 3.90 GHz Frecuencia base, 4.40 GHz Turbo, 6 N\u00facleos, 12 Subprocesos, 16MB Cach\u00e9 L3, AM4 Socket, 65W Potencia, 7nm Litograf\u00eda, Gr\u00e1ficos AMD Radeon.<\/p>\n","protected":false},"excerpt":{"rendered":"<p>&#8211;<\/p>\n","protected":false},"featured_media":1091,"template":"","meta":[],"pwb-brand":[],"product_brand":[],"product_cat":[68],"product_tag":[],"class_list":{"0":"post-93","1":"product","2":"type-product","3":"status-publish","4":"has-post-thumbnail","6":"product_cat-68","8":"first","9":"outofstock","10":"taxable","11":"shipping-taxable","12":"purchasable","13":"product-type-simple"},"brands":[],"_links":{"self":[{"href":"https:\/\/tmp.compunegocios.com.pe\/index.php\/wp-json\/wp\/v2\/product\/93","targetHints":{"allow":["GET"]}}],"collection":[{"href":"https:\/\/tmp.compunegocios.com.pe\/index.php\/wp-json\/wp\/v2\/product"}],"about":[{"href":"https:\/\/tmp.compunegocios.com.pe\/index.php\/wp-json\/wp\/v2\/types\/product"}],"wp:featuredmedia":[{"embeddable":true,"href":"https:\/\/tmp.compunegocios.com.pe\/index.php\/wp-json\/wp\/v2\/media\/1091"}],"wp:attachment":[{"href":"https:\/\/tmp.compunegocios.com.pe\/index.php\/wp-json\/wp\/v2\/media?parent=93"}],"wp:term":[{"taxonomy":"pwb-brand","embeddable":true,"href":"https:\/\/tmp.compunegocios.com.pe\/index.php\/wp-json\/wp\/v2\/pwb-brand?post=93"},{"taxonomy":"product_brand","embeddable":true,"href":"https:\/\/tmp.compunegocios.com.pe\/index.php\/wp-json\/wp\/v2\/product_brand?post=93"},{"taxonomy":"product_cat","embeddable":true,"href":"https:\/\/tmp.compunegocios.com.pe\/index.php\/wp-json\/wp\/v2\/product_cat?post=93"},{"taxonomy":"product_tag","embeddable":true,"href":"https:\/\/tmp.compunegocios.com.pe\/index.php\/wp-json\/wp\/v2\/product_tag?post=93"}],"curies":[{"name":"wp","href":"https:\/\/api.w.org\/{rel}","templated":true}]}}