{"id":94,"date":"2023-11-11T12:16:50","date_gmt":"2023-11-11T12:16:50","guid":{"rendered":"http:\/\/compunegocios.com.pe\/index.php\/product\/procesador-amd-ryzen-7-5700g-3-80-ghz\/"},"modified":"2025-08-19T17:00:42","modified_gmt":"2025-08-19T17:00:42","slug":"procesador-amd-ryzen-7-5700g-3-80-ghz","status":"publish","type":"product","link":"https:\/\/tmp.compunegocios.com.pe\/index.php\/product\/procesador-amd-ryzen-7-5700g-3-80-ghz\/","title":{"rendered":"Procesador AMD Ryzen 7 5700G 3.80 GHz"},"content":{"rendered":"<p>Procesador AMD Ryzen 7 5700G , 3.80 GHz Frecuencia base, 4.60 GHz Turbo, 8 N\u00facleos, 16 Subprocesos, 16MB Cach\u00e9 L3, AM4 Socket, 65W Potencia, 7nm Litograf\u00eda, Gr\u00e1ficos AMD Radeon.<\/p>\n","protected":false},"excerpt":{"rendered":"<p>&#8211;<\/p>\n","protected":false},"featured_media":1087,"template":"","meta":[],"pwb-brand":[],"product_brand":[],"product_cat":[69],"product_tag":[],"class_list":{"0":"post-94","1":"product","2":"type-product","3":"status-publish","4":"has-post-thumbnail","6":"product_cat-69","8":"first","9":"instock","10":"taxable","11":"shipping-taxable","12":"purchasable","13":"product-type-simple"},"brands":[],"_links":{"self":[{"href":"https:\/\/tmp.compunegocios.com.pe\/index.php\/wp-json\/wp\/v2\/product\/94","targetHints":{"allow":["GET"]}}],"collection":[{"href":"https:\/\/tmp.compunegocios.com.pe\/index.php\/wp-json\/wp\/v2\/product"}],"about":[{"href":"https:\/\/tmp.compunegocios.com.pe\/index.php\/wp-json\/wp\/v2\/types\/product"}],"wp:featuredmedia":[{"embeddable":true,"href":"https:\/\/tmp.compunegocios.com.pe\/index.php\/wp-json\/wp\/v2\/media\/1087"}],"wp:attachment":[{"href":"https:\/\/tmp.compunegocios.com.pe\/index.php\/wp-json\/wp\/v2\/media?parent=94"}],"wp:term":[{"taxonomy":"pwb-brand","embeddable":true,"href":"https:\/\/tmp.compunegocios.com.pe\/index.php\/wp-json\/wp\/v2\/pwb-brand?post=94"},{"taxonomy":"product_brand","embeddable":true,"href":"https:\/\/tmp.compunegocios.com.pe\/index.php\/wp-json\/wp\/v2\/product_brand?post=94"},{"taxonomy":"product_cat","embeddable":true,"href":"https:\/\/tmp.compunegocios.com.pe\/index.php\/wp-json\/wp\/v2\/product_cat?post=94"},{"taxonomy":"product_tag","embeddable":true,"href":"https:\/\/tmp.compunegocios.com.pe\/index.php\/wp-json\/wp\/v2\/product_tag?post=94"}],"curies":[{"name":"wp","href":"https:\/\/api.w.org\/{rel}","templated":true}]}}