{"id":95,"date":"2023-11-11T12:16:53","date_gmt":"2023-11-11T12:16:53","guid":{"rendered":"http:\/\/compunegocios.com.pe\/index.php\/product\/impresora-laserjet-pro-hp-4003dw-monocromatica\/"},"modified":"2025-08-19T17:00:43","modified_gmt":"2025-08-19T17:00:43","slug":"impresora-laserjet-pro-hp-4003dw-monocromatica","status":"publish","type":"product","link":"https:\/\/tmp.compunegocios.com.pe\/index.php\/product\/impresora-laserjet-pro-hp-4003dw-monocromatica\/","title":{"rendered":"IMPRESORA L\u00c1SERJET PRO HP 4003DW MONOCROM\u00c1TICA"},"content":{"rendered":"<p>Impresora Monocromatica HP LaserJet Pro 4003dw, Imprime\/USB 2.0\/LAN\/WLAN\/BT\/Wi-Fi Direct DOBLE CARA<br \/>\nfunciones\timpresi\u00f3n<br \/>\nVelocidad de impresi\u00f3n monocrom\u00e1tica (ISO, carta)\tHasta 42 ppm,  Medido con ISO\/IEC 24734, excluye el primer conjunto de documentos de prueba. Para obtener m\u00e1s informaci\u00f3n, consulte http:\/\/www.hp.com\/go\/printerclaims . La velocidad exacta var\u00eda seg\u00fan la configuraci\u00f3n del sistema. aplicaci\u00f3n de software, controlador y complejidad del documento.)<br \/>\nVelocidad de impresi\u00f3n a doble cara (carta)\tHasta 36 ipm<br \/>\nPrimera p\u00e1gina impresa en negro (carta, lista)\tTan r\u00e1pido como 6,1 segundos<br \/>\nCiclo de trabajo (mensual, carta)\tHasta 80.000 p\u00e1ginas (El ciclo de trabajo se define como la cantidad m\u00e1xima de p\u00e1ginas o im\u00e1genes impresas por mes. Este valor proporciona una evaluaci\u00f3n de la robustez del producto comparado con otros dispositivos HP LaserJet o HP Color LaserJet, y permite que se instalen las impresoras y los MFP seg\u00fan las necesidades de los grupos o individuos que las usan.)<\/p>\n","protected":false},"excerpt":{"rendered":"<p>&#8211;<\/p>\n","protected":false},"featured_media":1082,"template":"","meta":[],"pwb-brand":[340],"product_brand":[],"product_cat":[204],"product_tag":[],"class_list":{"0":"post-95","1":"product","2":"type-product","3":"status-publish","4":"has-post-thumbnail","6":"pwb-brand-hp","7":"product_cat-204","9":"first","10":"instock","11":"taxable","12":"shipping-taxable","13":"purchasable","14":"product-type-simple"},"brands":[{"id":340,"name":"HP","slug":"hp"}],"_links":{"self":[{"href":"https:\/\/tmp.compunegocios.com.pe\/index.php\/wp-json\/wp\/v2\/product\/95","targetHints":{"allow":["GET"]}}],"collection":[{"href":"https:\/\/tmp.compunegocios.com.pe\/index.php\/wp-json\/wp\/v2\/product"}],"about":[{"href":"https:\/\/tmp.compunegocios.com.pe\/index.php\/wp-json\/wp\/v2\/types\/product"}],"wp:featuredmedia":[{"embeddable":true,"href":"https:\/\/tmp.compunegocios.com.pe\/index.php\/wp-json\/wp\/v2\/media\/1082"}],"wp:attachment":[{"href":"https:\/\/tmp.compunegocios.com.pe\/index.php\/wp-json\/wp\/v2\/media?parent=95"}],"wp:term":[{"taxonomy":"pwb-brand","embeddable":true,"href":"https:\/\/tmp.compunegocios.com.pe\/index.php\/wp-json\/wp\/v2\/pwb-brand?post=95"},{"taxonomy":"product_brand","embeddable":true,"href":"https:\/\/tmp.compunegocios.com.pe\/index.php\/wp-json\/wp\/v2\/product_brand?post=95"},{"taxonomy":"product_cat","embeddable":true,"href":"https:\/\/tmp.compunegocios.com.pe\/index.php\/wp-json\/wp\/v2\/product_cat?post=95"},{"taxonomy":"product_tag","embeddable":true,"href":"https:\/\/tmp.compunegocios.com.pe\/index.php\/wp-json\/wp\/v2\/product_tag?post=95"}],"curies":[{"name":"wp","href":"https:\/\/api.w.org\/{rel}","templated":true}]}}